{"id":5,"date":"2022-01-16T11:34:33","date_gmt":"2022-01-16T11:34:33","guid":{"rendered":"https:\/\/fedablio.com.br\/blog\/?page_id=5"},"modified":"2023-04-22T11:32:34","modified_gmt":"2023-04-22T14:32:34","slug":"sobre","status":"publish","type":"page","link":"https:\/\/fedablio.com.br\/blog\/","title":{"rendered":"Sobre"},"content":{"rendered":"\n<div style=\"text-align: justify;\">\n\n<p>\n<img loading=\"lazy\" decoding=\"async\" src=\"https:\/\/fedablio.com.br\/blog\/wp-content\/uploads\/2022\/01\/chip-logo.png\" style=\"margin-right: 10px; margin-bottom: 10px;\" width=\"225\" height=\"225\" align=\"left\">\n\nFedablio (FW) \u00e9 entusiasta, aprecia, pratica e usa as seguintes tecnologias com uns nomes meio que estranhos: <a href=\"https:\/\/pt.wikipedia.org\/wiki\/Arduino\" target=\"_blank\" rel=\"noopener\">Arduino<\/a>, <a href=\"https:\/\/pt.wikipedia.org\/wiki\/Raspberry_Pi\" target=\"_blank\" rel=\"noopener\">Raspberry PI<\/a>, Java EE, Java SE, Java ME, Java Android, PHP, Python, JavasScript, Action Script (Flash), SQL, VBA, C, Open GL, C#, VB.NET, ASP.NET, ADO.NET, CSS (CSS3), HTML (HTML5), JSON, Angular, NodeJS\/NPM, Bootstrap, TypeScript, redes de fibra \u00f3ptica, IPv6, Diagramas de casos de uso, iReport, Joomla, WordPress, Magento e OpenCart. Servidores Microsoft Windows, Apache, proFTPd, Squid, SSH, Samba e Bind9 de servidores Linux. \n<\/p>\n\n<p>\nAl\u00e9m da manuten\u00e7\u00e3o \u00e0 microinform\u00e1tica, sabe um pouco sobre redes Cisco. Na parte das eletr\u00f4nicas anal\u00f3gicas e\/ou digitais, entende de mult\u00edmetros anal\u00f3gicos, digitais, amper\u00edmetros, capac\u00edmetros e uma gama dos mais variados componentes eletr\u00f4nicos. F\u00e3 de carteirinha do sistema operacional Android, tamb\u00e9m desenvolve alguns aplicativos para ele. Caso queiram conferir, est\u00e3o dispon\u00edveis na <a href=\"https:\/\/play.google.com\/store\/apps\/dev?id=6922284843465953397\" target=\"_blank\" rel=\"noopener\">Google Play<\/a>.\n<\/p>\n\n<p>\nUmas das \u00faltimas: tamb\u00e9m monta e d\u00e1 manuten\u00e7\u00e3o em drones de corrida (drone racer). Pra finalizar, ele tamb\u00e9m tem um canal no <a href=\"https:\/\/www.youtube.com\/c\/Fedablio\" target=\"_blank\" rel=\"noopener\">Youtube<\/a> onde acredita sair alguma coisa que presta de vez em quando. A iniciativa Fedablio (Blog, Youtube, Google Play etc) \u00e9 uma forma de terapia que ele encontrou para o ajudar a superar sua doen\u00e7a progressiva, a <a href=\"https:\/\/pt.wikipedia.org\/wiki\/Distrofia_muscular_de_Becker\" target=\"_blank\" rel=\"noopener\">DMB<\/a>.\n<\/p>\n\n<\/div>\n","protected":false},"excerpt":{"rendered":"<p>Fedablio (FW) \u00e9 entusiasta, aprecia, pratica e usa as seguintes tecnologias com uns nomes meio que estranhos: Arduino, Raspberry PI, Java EE, Java SE, Java ME, Java Android, PHP, Python, JavasScript, Action Script (Flash), SQL, VBA, C, Open GL, C#, VB.NET, ASP.NET, ADO.NET, CSS (CSS3), HTML (HTML5), JSON, Angular, NodeJS\/NPM, Bootstrap, TypeScript, redes de fibra [&hellip;]<\/p>\n","protected":false},"author":1,"featured_media":0,"parent":0,"menu_order":1,"comment_status":"closed","ping_status":"closed","template":"","meta":{"footnotes":""},"class_list":["post-5","page","type-page","status-publish","hentry"],"_links":{"self":[{"href":"https:\/\/fedablio.com.br\/blog\/wp-json\/wp\/v2\/pages\/5","targetHints":{"allow":["GET"]}}],"collection":[{"href":"https:\/\/fedablio.com.br\/blog\/wp-json\/wp\/v2\/pages"}],"about":[{"href":"https:\/\/fedablio.com.br\/blog\/wp-json\/wp\/v2\/types\/page"}],"author":[{"embeddable":true,"href":"https:\/\/fedablio.com.br\/blog\/wp-json\/wp\/v2\/users\/1"}],"replies":[{"embeddable":true,"href":"https:\/\/fedablio.com.br\/blog\/wp-json\/wp\/v2\/comments?post=5"}],"version-history":[{"count":49,"href":"https:\/\/fedablio.com.br\/blog\/wp-json\/wp\/v2\/pages\/5\/revisions"}],"predecessor-version":[{"id":976,"href":"https:\/\/fedablio.com.br\/blog\/wp-json\/wp\/v2\/pages\/5\/revisions\/976"}],"wp:attachment":[{"href":"https:\/\/fedablio.com.br\/blog\/wp-json\/wp\/v2\/media?parent=5"}],"curies":[{"name":"wp","href":"https:\/\/api.w.org\/{rel}","templated":true}]}}