{"id":306,"date":"2023-04-14T22:24:22","date_gmt":"2023-04-15T01:24:22","guid":{"rendered":"https:\/\/fedablio.com.br\/loja\/?page_id=306"},"modified":"2025-04-16T22:39:41","modified_gmt":"2025-04-17T01:39:41","slug":"proximidade","status":"publish","type":"page","link":"https:\/\/fedablio.com.br\/loja\/proximidade\/","title":{"rendered":"Proximidade"},"content":{"rendered":"\n<p><\/p>\n\n\n\n<ul>\n\n<li>\n<img decoding=\"async\" src=\"https:\/\/fedablio.com.br\/loja\/wp-content\/uploads\/2025\/04\/regra01.png\">\n&nbsp;\n<a href=\"https:\/\/fedablio.com.br\/loja\/termos-e-condicoes\/\">\nTermos e condi\u00e7\u00f5es\n<\/a>\n<\/li>\n\n<li>\n<img decoding=\"async\" src=\"https:\/\/fedablio.com.br\/loja\/wp-content\/uploads\/2025\/04\/regra02.png\">\n&nbsp;\n<a href=\"https:\/\/fedablio.com.br\/loja\/politica-de-privacidade\/\">\nPol\u00edtica de privacidade\n<\/a>\n<\/li>\n\n<li>\n<img decoding=\"async\" src=\"https:\/\/fedablio.com.br\/loja\/wp-content\/uploads\/2025\/04\/regra03.png\">\n&nbsp;\n<a href=\"https:\/\/fedablio.com.br\/loja\/reembolso_devolucoes\/\">\nTrocas e devolu\u00e7\u00f5es\n<\/a>\n<\/li>\n\n<li>\n<img decoding=\"async\" src=\"https:\/\/fedablio.com.br\/loja\/wp-content\/uploads\/2025\/04\/regra04.png\">\n&nbsp;\n<a href=\"https:\/\/fedablio.com.br\/loja\/por-que-preco-minimo-de-compra\/\">\nPorque pre\u00e7o m\u00ednimo de compra?\n<\/a>\n<\/li>\n\n<li>\n<img decoding=\"async\" src=\"https:\/\/fedablio.com.br\/loja\/wp-content\/uploads\/2025\/04\/regra05.png\">\n&nbsp;\n<a href=\"https:\/\/fedablio.com.br\/loja\/creditos\/\">\nCr\u00e9ditos\n<\/a>\n<\/li>\n\n<\/ul>\n\n\n\n<p><\/p>\n","protected":false},"excerpt":{"rendered":"<p>&nbsp; Termos e condi\u00e7\u00f5es &nbsp; Pol\u00edtica de privacidade &nbsp; Trocas e devolu\u00e7\u00f5es &nbsp; Porque pre\u00e7o m\u00ednimo de compra? &nbsp; Cr\u00e9ditos<\/p>\n","protected":false},"author":1,"featured_media":0,"parent":0,"menu_order":0,"comment_status":"closed","ping_status":"closed","template":"","meta":{"site-sidebar-layout":"default","site-content-layout":"","ast-site-content-layout":"default","site-content-style":"default","site-sidebar-style":"default","ast-global-header-display":"","ast-banner-title-visibility":"","ast-main-header-display":"","ast-hfb-above-header-display":"","ast-hfb-below-header-display":"","ast-hfb-mobile-header-display":"","site-post-title":"","ast-breadcrumbs-content":"","ast-featured-img":"","footer-sml-layout":"","theme-transparent-header-meta":"","adv-header-id-meta":"","stick-header-meta":"","header-above-stick-meta":"","header-main-stick-meta":"","header-below-stick-meta":"","astra-migrate-meta-layouts":"set","ast-page-background-enabled":"default","ast-page-background-meta":{"desktop":{"background-color":"var(--ast-global-color-4)","background-image":"","background-repeat":"repeat","background-position":"center center","background-size":"auto","background-attachment":"scroll","background-type":"","background-media":"","overlay-type":"","overlay-color":"","overlay-opacity":"","overlay-gradient":""},"tablet":{"background-color":"","background-image":"","background-repeat":"repeat","background-position":"center center","background-size":"auto","background-attachment":"scroll","background-type":"","background-media":"","overlay-type":"","overlay-color":"","overlay-opacity":"","overlay-gradient":""},"mobile":{"background-color":"","background-image":"","background-repeat":"repeat","background-position":"center center","background-size":"auto","background-attachment":"scroll","background-type":"","background-media":"","overlay-type":"","overlay-color":"","overlay-opacity":"","overlay-gradient":""}},"ast-content-background-meta":{"desktop":{"background-color":"var(--ast-global-color-5)","background-image":"","background-repeat":"repeat","background-position":"center center","background-size":"auto","background-attachment":"scroll","background-type":"","background-media":"","overlay-type":"","overlay-color":"","overlay-opacity":"","overlay-gradient":""},"tablet":{"background-color":"var(--ast-global-color-5)","background-image":"","background-repeat":"repeat","background-position":"center center","background-size":"auto","background-attachment":"scroll","background-type":"","background-media":"","overlay-type":"","overlay-color":"","overlay-opacity":"","overlay-gradient":""},"mobile":{"background-color":"var(--ast-global-color-5)","background-image":"","background-repeat":"repeat","background-position":"center center","background-size":"auto","background-attachment":"scroll","background-type":"","background-media":"","overlay-type":"","overlay-color":"","overlay-opacity":"","overlay-gradient":""}},"footnotes":""},"class_list":["post-306","page","type-page","status-publish","hentry"],"_links":{"self":[{"href":"https:\/\/fedablio.com.br\/loja\/wp-json\/wp\/v2\/pages\/306","targetHints":{"allow":["GET"]}}],"collection":[{"href":"https:\/\/fedablio.com.br\/loja\/wp-json\/wp\/v2\/pages"}],"about":[{"href":"https:\/\/fedablio.com.br\/loja\/wp-json\/wp\/v2\/types\/page"}],"author":[{"embeddable":true,"href":"https:\/\/fedablio.com.br\/loja\/wp-json\/wp\/v2\/users\/1"}],"replies":[{"embeddable":true,"href":"https:\/\/fedablio.com.br\/loja\/wp-json\/wp\/v2\/comments?post=306"}],"version-history":[{"count":13,"href":"https:\/\/fedablio.com.br\/loja\/wp-json\/wp\/v2\/pages\/306\/revisions"}],"predecessor-version":[{"id":1356,"href":"https:\/\/fedablio.com.br\/loja\/wp-json\/wp\/v2\/pages\/306\/revisions\/1356"}],"wp:attachment":[{"href":"https:\/\/fedablio.com.br\/loja\/wp-json\/wp\/v2\/media?parent=306"}],"curies":[{"name":"wp","href":"https:\/\/api.w.org\/{rel}","templated":true}]}}