{"id":1130,"date":"2025-04-11T22:58:05","date_gmt":"2025-04-12T01:58:05","guid":{"rendered":"https:\/\/fedablio.com.br\/loja\/?post_type=product&#038;p=1130"},"modified":"2025-11-10T05:27:24","modified_gmt":"2025-11-10T08:27:24","slug":"modulo-carregador-de-bateria-3s-18650","status":"publish","type":"product","link":"https:\/\/fedablio.com.br\/loja\/produto\/modulo-carregador-de-bateria-3s-18650\/","title":{"rendered":"M\u00f3dulo carregador de bateria 3S 18650"},"content":{"rendered":"<p><strong>Este m\u00f3dulo carrega e balanceia suas baterias 18650. Para melhor entendimento, observe o esquema no final do an\u00fancio.<\/strong><\/p>\n<p>Tens\u00e3o de entrada: 12,6 a 13 V<br \/>\nCorrente m\u00e1xima: 20A<br \/>\nTens\u00e3o de sa\u00edda: 4,2 V (3 c\u00e9lulas)<br \/>\nTamanho: 59 x 20 x 3,4 mm<br \/>\nFio de silicone 22 AWG: 10 cm<\/p>\n<p><strong>Peso e tamanho (embalagem de entrega)<\/strong><\/p>\n<ul>\n<li>0,045 kg (45 gr)<\/li>\n<li>20 \u00d7 16 \u00d7 4 cm<\/li>\n<\/ul>\n<p><img decoding=\"async\" src=\"https:\/\/fedablio.com.br\/loja\/wp-content\/uploads\/2025\/04\/placa-12_6-20a-05.png\" \/><\/p>\n","protected":false},"excerpt":{"rendered":"<p>Este m\u00f3dulo carrega e balanceia suas baterias 18650. Para melhor entendimento, observe o esquema no final do an\u00fancio. Tens\u00e3o de entrada: 12,6 a 13 V Corrente m\u00e1xima: 20A Tens\u00e3o de sa\u00edda: 4,2 V (3 c\u00e9lulas) Tamanho: 59 x 20 x 3,4 mm Fio de silicone 22 AWG: 10 cm Peso e tamanho (embalagem de entrega) [&hellip;]<\/p>\n","protected":false},"featured_media":1445,"comment_status":"open","ping_status":"closed","template":"","meta":{"site-sidebar-layout":"default","site-content-layout":"","ast-site-content-layout":"default","site-content-style":"default","site-sidebar-style":"default","ast-global-header-display":"","ast-banner-title-visibility":"","ast-main-header-display":"","ast-hfb-above-header-display":"","ast-hfb-below-header-display":"","ast-hfb-mobile-header-display":"","site-post-title":"","ast-breadcrumbs-content":"","ast-featured-img":"","footer-sml-layout":"","theme-transparent-header-meta":"default","adv-header-id-meta":"","stick-header-meta":"","header-above-stick-meta":"","header-main-stick-meta":"","header-below-stick-meta":"","astra-migrate-meta-layouts":"set","ast-page-background-enabled":"default","ast-page-background-meta":{"desktop":{"background-color":"var(--ast-global-color-4)","background-image":"","background-repeat":"repeat","background-position":"center center","background-size":"auto","background-attachment":"scroll","background-type":"","background-media":"","overlay-type":"","overlay-color":"","overlay-opacity":"","overlay-gradient":""},"tablet":{"background-color":"","background-image":"","background-repeat":"repeat","background-position":"center center","background-size":"auto","background-attachment":"scroll","background-type":"","background-media":"","overlay-type":"","overlay-color":"","overlay-opacity":"","overlay-gradient":""},"mobile":{"background-color":"","background-image":"","background-repeat":"repeat","background-position":"center center","background-size":"auto","background-attachment":"scroll","background-type":"","background-media":"","overlay-type":"","overlay-color":"","overlay-opacity":"","overlay-gradient":""}},"ast-content-background-meta":{"desktop":{"background-color":"var(--ast-global-color-5)","background-image":"","background-repeat":"repeat","background-position":"center center","background-size":"auto","background-attachment":"scroll","background-type":"","background-media":"","overlay-type":"","overlay-color":"","overlay-opacity":"","overlay-gradient":""},"tablet":{"background-color":"var(--ast-global-color-5)","background-image":"","background-repeat":"repeat","background-position":"center center","background-size":"auto","background-attachment":"scroll","background-type":"","background-media":"","overlay-type":"","overlay-color":"","overlay-opacity":"","overlay-gradient":""},"mobile":{"background-color":"var(--ast-global-color-5)","background-image":"","background-repeat":"repeat","background-position":"center center","background-size":"auto","background-attachment":"scroll","background-type":"","background-media":"","overlay-type":"","overlay-color":"","overlay-opacity":"","overlay-gradient":""}}},"product_brand":[],"product_cat":[112],"product_tag":[141],"class_list":{"0":"post-1130","1":"product","2":"type-product","3":"status-publish","4":"has-post-thumbnail","6":"product_cat-modulo","7":"product_tag-modulo-18650-12-6-20a","8":"desktop-align-center","9":"tablet-align-left","10":"mobile-align-left","12":"first","13":"outofstock","14":"taxable","15":"shipping-taxable","16":"product-type-simple"},"_links":{"self":[{"href":"https:\/\/fedablio.com.br\/loja\/wp-json\/wp\/v2\/product\/1130","targetHints":{"allow":["GET"]}}],"collection":[{"href":"https:\/\/fedablio.com.br\/loja\/wp-json\/wp\/v2\/product"}],"about":[{"href":"https:\/\/fedablio.com.br\/loja\/wp-json\/wp\/v2\/types\/product"}],"replies":[{"embeddable":true,"href":"https:\/\/fedablio.com.br\/loja\/wp-json\/wp\/v2\/comments?post=1130"}],"wp:featuredmedia":[{"embeddable":true,"href":"https:\/\/fedablio.com.br\/loja\/wp-json\/wp\/v2\/media\/1445"}],"wp:attachment":[{"href":"https:\/\/fedablio.com.br\/loja\/wp-json\/wp\/v2\/media?parent=1130"}],"wp:term":[{"taxonomy":"product_brand","embeddable":true,"href":"https:\/\/fedablio.com.br\/loja\/wp-json\/wp\/v2\/product_brand?post=1130"},{"taxonomy":"product_cat","embeddable":true,"href":"https:\/\/fedablio.com.br\/loja\/wp-json\/wp\/v2\/product_cat?post=1130"},{"taxonomy":"product_tag","embeddable":true,"href":"https:\/\/fedablio.com.br\/loja\/wp-json\/wp\/v2\/product_tag?post=1130"}],"curies":[{"name":"wp","href":"https:\/\/api.w.org\/{rel}","templated":true}]}}