{"id":1142,"date":"2025-04-12T08:08:31","date_gmt":"2025-04-12T11:08:31","guid":{"rendered":"https:\/\/fedablio.com.br\/loja\/?post_type=product&#038;p=1142"},"modified":"2025-08-29T12:54:30","modified_gmt":"2025-08-29T15:54:30","slug":"kit-modulo-rx-e-tx-433-mhz","status":"publish","type":"product","link":"https:\/\/fedablio.com.br\/loja\/produto\/kit-modulo-rx-e-tx-433-mhz\/","title":{"rendered":"Kit m\u00f3dulo RX e TX 433 MHz"},"content":{"rendered":"<p><strong>RX<\/strong><\/p>\n<p>Modelo: RX470-4 (\u00e9 uma vers\u00e3o atualizada do WL101-341 com desempenho mais est\u00e1vel)<br \/>\nDimens\u00f5es: 30 x 9 x 1 mm<br \/>\nFrequ\u00eancia de opera\u00e7\u00e3o: 433,92 MHz<br \/>\nFaixa de tens\u00e3o de entrada da rede el\u00e9trica: 2,2 V a 5 V<br \/>\nCorrente de opera\u00e7\u00e3o: tipo: 2,1 mA (5V) | 2,1 mA (3V)<br \/>\nCorrente de stand-by: 1 uA<br \/>\nFaixa de temperatura: -40 a +85 \u00b0C<br \/>\nAntena externa: fio unipolar de 32 cm (enrolado em espiral)<\/p>\n<p><strong>TX<\/strong><\/p>\n<p>Modelo: WL102-341<br \/>\nDimens\u00f5es: 16 \u00d7 12 \u00d7 1 mm<br \/>\nFrequ\u00eancia de opera\u00e7\u00e3o: 433,92 MHz<br \/>\nFaixa de tens\u00e3o de entrada da rede el\u00e9trica: 2,0 V a 3,6 V<br \/>\nCorrente de desligamento inferior a 1 uA<br \/>\nTaxa de transmiss\u00e3o: at\u00e9 20 kHz<br \/>\nDist\u00e2ncia de lan\u00e7amento: 20 a 100 metros<br \/>\nAntena externa: fio unipolar de 25 cm (enrolado em espiral)<br \/>\nFaixa de temperatura: -40 a +85 \u00b0C<\/p>\n<p><strong>Conte\u00fado<\/strong><\/p>\n<ul>\n<li>1 receptor (RX) 433 MHz RX470-4 com antena soldada<\/li>\n<li>1 transmissor (TX) 433 MHz WL102-341 com antena soldada<\/li>\n<\/ul>\n<p><strong>Peso e tamanho (embalagem de entrega)<\/strong><\/p>\n<ul>\n<li>0,045 kg (45 gr)<\/li>\n<li>20 \u00d7 16 \u00d7 4 cm<\/li>\n<\/ul>\n","protected":false},"excerpt":{"rendered":"<p>RX Modelo: RX470-4 (\u00e9 uma vers\u00e3o atualizada do WL101-341 com desempenho mais est\u00e1vel) Dimens\u00f5es: 30 x 9 x 1 mm Frequ\u00eancia de opera\u00e7\u00e3o: 433,92 MHz Faixa de tens\u00e3o de entrada da rede el\u00e9trica: 2,2 V a 5 V Corrente de opera\u00e7\u00e3o: tipo: 2,1 mA (5V) | 2,1 mA (3V) Corrente de stand-by: 1 uA Faixa [&hellip;]<\/p>\n","protected":false},"featured_media":1417,"comment_status":"open","ping_status":"closed","template":"","meta":{"site-sidebar-layout":"default","site-content-layout":"","ast-site-content-layout":"default","site-content-style":"default","site-sidebar-style":"default","ast-global-header-display":"","ast-banner-title-visibility":"","ast-main-header-display":"","ast-hfb-above-header-display":"","ast-hfb-below-header-display":"","ast-hfb-mobile-header-display":"","site-post-title":"","ast-breadcrumbs-content":"","ast-featured-img":"","footer-sml-layout":"","theme-transparent-header-meta":"default","adv-header-id-meta":"","stick-header-meta":"","header-above-stick-meta":"","header-main-stick-meta":"","header-below-stick-meta":"","astra-migrate-meta-layouts":"set","ast-page-background-enabled":"default","ast-page-background-meta":{"desktop":{"background-color":"var(--ast-global-color-4)","background-image":"","background-repeat":"repeat","background-position":"center center","background-size":"auto","background-attachment":"scroll","background-type":"","background-media":"","overlay-type":"","overlay-color":"","overlay-opacity":"","overlay-gradient":""},"tablet":{"background-color":"","background-image":"","background-repeat":"repeat","background-position":"center center","background-size":"auto","background-attachment":"scroll","background-type":"","background-media":"","overlay-type":"","overlay-color":"","overlay-opacity":"","overlay-gradient":""},"mobile":{"background-color":"","background-image":"","background-repeat":"repeat","background-position":"center center","background-size":"auto","background-attachment":"scroll","background-type":"","background-media":"","overlay-type":"","overlay-color":"","overlay-opacity":"","overlay-gradient":""}},"ast-content-background-meta":{"desktop":{"background-color":"var(--ast-global-color-5)","background-image":"","background-repeat":"repeat","background-position":"center center","background-size":"auto","background-attachment":"scroll","background-type":"","background-media":"","overlay-type":"","overlay-color":"","overlay-opacity":"","overlay-gradient":""},"tablet":{"background-color":"var(--ast-global-color-5)","background-image":"","background-repeat":"repeat","background-position":"center center","background-size":"auto","background-attachment":"scroll","background-type":"","background-media":"","overlay-type":"","overlay-color":"","overlay-opacity":"","overlay-gradient":""},"mobile":{"background-color":"var(--ast-global-color-5)","background-image":"","background-repeat":"repeat","background-position":"center center","background-size":"auto","background-attachment":"scroll","background-type":"","background-media":"","overlay-type":"","overlay-color":"","overlay-opacity":"","overlay-gradient":""}}},"product_brand":[],"product_cat":[112],"product_tag":[142],"class_list":{"0":"post-1142","1":"product","2":"type-product","3":"status-publish","4":"has-post-thumbnail","6":"product_cat-modulo","7":"product_tag-tx-rx-433","8":"desktop-align-center","9":"tablet-align-left","10":"mobile-align-left","12":"first","13":"instock","14":"taxable","15":"shipping-taxable","16":"product-type-simple"},"_links":{"self":[{"href":"https:\/\/fedablio.com.br\/loja\/wp-json\/wp\/v2\/product\/1142","targetHints":{"allow":["GET"]}}],"collection":[{"href":"https:\/\/fedablio.com.br\/loja\/wp-json\/wp\/v2\/product"}],"about":[{"href":"https:\/\/fedablio.com.br\/loja\/wp-json\/wp\/v2\/types\/product"}],"replies":[{"embeddable":true,"href":"https:\/\/fedablio.com.br\/loja\/wp-json\/wp\/v2\/comments?post=1142"}],"wp:featuredmedia":[{"embeddable":true,"href":"https:\/\/fedablio.com.br\/loja\/wp-json\/wp\/v2\/media\/1417"}],"wp:attachment":[{"href":"https:\/\/fedablio.com.br\/loja\/wp-json\/wp\/v2\/media?parent=1142"}],"wp:term":[{"taxonomy":"product_brand","embeddable":true,"href":"https:\/\/fedablio.com.br\/loja\/wp-json\/wp\/v2\/product_brand?post=1142"},{"taxonomy":"product_cat","embeddable":true,"href":"https:\/\/fedablio.com.br\/loja\/wp-json\/wp\/v2\/product_cat?post=1142"},{"taxonomy":"product_tag","embeddable":true,"href":"https:\/\/fedablio.com.br\/loja\/wp-json\/wp\/v2\/product_tag?post=1142"}],"curies":[{"name":"wp","href":"https:\/\/api.w.org\/{rel}","templated":true}]}}