{"id":1147,"date":"2025-04-12T08:52:11","date_gmt":"2025-04-12T11:52:11","guid":{"rendered":"https:\/\/fedablio.com.br\/loja\/?post_type=product&#038;p=1147"},"modified":"2025-11-03T09:55:21","modified_gmt":"2025-11-03T12:55:21","slug":"conversor-dc-dc-step-down-regulavel-lm2596","status":"publish","type":"product","link":"https:\/\/fedablio.com.br\/loja\/produto\/conversor-dc-dc-step-down-regulavel-lm2596\/","title":{"rendered":"Conversor DC-DC Step Down regul\u00e1vel LM2596"},"content":{"rendered":"<p><strong>Conversor DC-DC (step down) regul\u00e1vel \u00e9 ideal para a maioria dos projetos com Arduino, PIC, Raspberry etc. Aten\u00e7\u00e3o: a tens\u00e3o de entrada deve ser 1,5V superior a de sa\u00edda. Ex.: se voc\u00ea quer ter 5V na sa\u00edda, precisa ter pelo menos 6,5V na entrada.<\/strong><\/p>\n<p>Modelo: LM2596<br \/>\nTens\u00e3o de entrada: de 3V a 40V<br \/>\nTens\u00e3o de sa\u00edda: de 1,5 a 35V<br \/>\nCorrente m\u00e1xima de sa\u00edda: 3A<br \/>\nFrequ\u00eancia de comuta\u00e7\u00e3o: 65 KHz (m\u00e1ximo de 150 KHz)<br \/>\nTamanho: 45 x 20 x 14 mm<br \/>\nEfici\u00eancia de convers\u00e3o: 92%<br \/>\nTemperatura operacional: -45 a +85 \u00b0C<br \/>\nRegula\u00e7\u00e3o de carga: 0,5% para mais ou para menos<br \/>\nRegula\u00e7\u00e3o de tens\u00e3o: 2,5% para mais ou para menos<\/p>\n<p><strong>Peso e tamanho (embalagem de entrega)<\/strong><\/p>\n<ul>\n<li>0,050 kg (50 gr)<\/li>\n<li>20 \u00d7 16 \u00d7 4 cm<\/li>\n<\/ul>\n","protected":false},"excerpt":{"rendered":"<p>Conversor DC-DC (step down) regul\u00e1vel \u00e9 ideal para a maioria dos projetos com Arduino, PIC, Raspberry etc. Aten\u00e7\u00e3o: a tens\u00e3o de entrada deve ser 1,5V superior a de sa\u00edda. Ex.: se voc\u00ea quer ter 5V na sa\u00edda, precisa ter pelo menos 6,5V na entrada. Modelo: LM2596 Tens\u00e3o de entrada: de 3V a 40V Tens\u00e3o de [&hellip;]<\/p>\n","protected":false},"featured_media":1143,"comment_status":"open","ping_status":"closed","template":"","meta":{"site-sidebar-layout":"default","site-content-layout":"","ast-site-content-layout":"default","site-content-style":"default","site-sidebar-style":"default","ast-global-header-display":"","ast-banner-title-visibility":"","ast-main-header-display":"","ast-hfb-above-header-display":"","ast-hfb-below-header-display":"","ast-hfb-mobile-header-display":"","site-post-title":"","ast-breadcrumbs-content":"","ast-featured-img":"","footer-sml-layout":"","theme-transparent-header-meta":"default","adv-header-id-meta":"","stick-header-meta":"","header-above-stick-meta":"","header-main-stick-meta":"","header-below-stick-meta":"","astra-migrate-meta-layouts":"set","ast-page-background-enabled":"default","ast-page-background-meta":{"desktop":{"background-color":"var(--ast-global-color-4)","background-image":"","background-repeat":"repeat","background-position":"center center","background-size":"auto","background-attachment":"scroll","background-type":"","background-media":"","overlay-type":"","overlay-color":"","overlay-opacity":"","overlay-gradient":""},"tablet":{"background-color":"","background-image":"","background-repeat":"repeat","background-position":"center center","background-size":"auto","background-attachment":"scroll","background-type":"","background-media":"","overlay-type":"","overlay-color":"","overlay-opacity":"","overlay-gradient":""},"mobile":{"background-color":"","background-image":"","background-repeat":"repeat","background-position":"center center","background-size":"auto","background-attachment":"scroll","background-type":"","background-media":"","overlay-type":"","overlay-color":"","overlay-opacity":"","overlay-gradient":""}},"ast-content-background-meta":{"desktop":{"background-color":"var(--ast-global-color-5)","background-image":"","background-repeat":"repeat","background-position":"center center","background-size":"auto","background-attachment":"scroll","background-type":"","background-media":"","overlay-type":"","overlay-color":"","overlay-opacity":"","overlay-gradient":""},"tablet":{"background-color":"var(--ast-global-color-5)","background-image":"","background-repeat":"repeat","background-position":"center center","background-size":"auto","background-attachment":"scroll","background-type":"","background-media":"","overlay-type":"","overlay-color":"","overlay-opacity":"","overlay-gradient":""},"mobile":{"background-color":"var(--ast-global-color-5)","background-image":"","background-repeat":"repeat","background-position":"center center","background-size":"auto","background-attachment":"scroll","background-type":"","background-media":"","overlay-type":"","overlay-color":"","overlay-opacity":"","overlay-gradient":""}}},"product_brand":[],"product_cat":[104],"product_tag":[144,145],"class_list":{"0":"post-1147","1":"product","2":"type-product","3":"status-publish","4":"has-post-thumbnail","6":"product_cat-step-down","7":"product_tag-lm2596","8":"product_tag-step-down-regulavel","9":"desktop-align-center","10":"tablet-align-left","11":"mobile-align-left","13":"first","14":"outofstock","15":"taxable","16":"shipping-taxable","17":"product-type-simple"},"_links":{"self":[{"href":"https:\/\/fedablio.com.br\/loja\/wp-json\/wp\/v2\/product\/1147","targetHints":{"allow":["GET"]}}],"collection":[{"href":"https:\/\/fedablio.com.br\/loja\/wp-json\/wp\/v2\/product"}],"about":[{"href":"https:\/\/fedablio.com.br\/loja\/wp-json\/wp\/v2\/types\/product"}],"replies":[{"embeddable":true,"href":"https:\/\/fedablio.com.br\/loja\/wp-json\/wp\/v2\/comments?post=1147"}],"wp:featuredmedia":[{"embeddable":true,"href":"https:\/\/fedablio.com.br\/loja\/wp-json\/wp\/v2\/media\/1143"}],"wp:attachment":[{"href":"https:\/\/fedablio.com.br\/loja\/wp-json\/wp\/v2\/media?parent=1147"}],"wp:term":[{"taxonomy":"product_brand","embeddable":true,"href":"https:\/\/fedablio.com.br\/loja\/wp-json\/wp\/v2\/product_brand?post=1147"},{"taxonomy":"product_cat","embeddable":true,"href":"https:\/\/fedablio.com.br\/loja\/wp-json\/wp\/v2\/product_cat?post=1147"},{"taxonomy":"product_tag","embeddable":true,"href":"https:\/\/fedablio.com.br\/loja\/wp-json\/wp\/v2\/product_tag?post=1147"}],"curies":[{"name":"wp","href":"https:\/\/api.w.org\/{rel}","templated":true}]}}