{"id":1539,"date":"2025-04-28T08:09:51","date_gmt":"2025-04-28T11:09:51","guid":{"rendered":"https:\/\/fedablio.com.br\/loja\/?post_type=product&#038;p=1539"},"modified":"2025-12-14T11:18:12","modified_gmt":"2025-12-14T14:18:12","slug":"placa-fedablio-tssop28-para-dip28","status":"publish","type":"product","link":"https:\/\/fedablio.com.br\/loja\/produto\/placa-fedablio-tssop28-para-dip28\/","title":{"rendered":"Placa TSSOP28 para DIP28 Fedablio"},"content":{"rendered":"<p><strong>Se voc\u00ea precisa utilizar um CI\/microcontrolador TSSOP28 com dissipador de placa em uma protoboard, este \u00e9 o item que voc\u00ea est\u00e1 procurando. Aten\u00e7\u00e3o: se atente as medidas nas imagens no final do an\u00fancio.<\/strong><\/p>\n<p>Marca: Fedablio<br \/>\nModelo: SSPDIP28<br \/>\nTamanho: 37 x 22 mm<br \/>\nCor: verde<br \/>\nN\u00e3o acompanha pinos<\/p>\n<p><strong>Peso e tamanho (embalagem de entrega)<\/strong><\/p>\n<ul>\n<li>0,045 kg (45 gr)<\/li>\n<li>20 \u00d7 16 \u00d7 4 cm<\/li>\n<\/ul>\n<p><img decoding=\"async\" src=\"https:\/\/fedablio.com.br\/loja\/wp-content\/uploads\/2025\/04\/ssdip28-04.png\" \/><\/p>\n<p><img decoding=\"async\" src=\"https:\/\/fedablio.com.br\/loja\/wp-content\/uploads\/2025\/04\/ssdip28-05.png\" \/><\/p>\n","protected":false},"excerpt":{"rendered":"<p>Se voc\u00ea precisa utilizar um CI\/microcontrolador TSSOP28 com dissipador de placa em uma protoboard, este \u00e9 o item que voc\u00ea est\u00e1 procurando. Aten\u00e7\u00e3o: se atente as medidas nas imagens no final do an\u00fancio. Marca: Fedablio Modelo: SSPDIP28 Tamanho: 37 x 22 mm Cor: verde N\u00e3o acompanha pinos Peso e tamanho (embalagem de entrega) 0,045 kg [&hellip;]<\/p>\n","protected":false},"featured_media":1534,"comment_status":"open","ping_status":"closed","template":"","meta":{"site-sidebar-layout":"default","site-content-layout":"","ast-site-content-layout":"default","site-content-style":"default","site-sidebar-style":"default","ast-global-header-display":"","ast-banner-title-visibility":"","ast-main-header-display":"","ast-hfb-above-header-display":"","ast-hfb-below-header-display":"","ast-hfb-mobile-header-display":"","site-post-title":"","ast-breadcrumbs-content":"","ast-featured-img":"","footer-sml-layout":"","theme-transparent-header-meta":"default","adv-header-id-meta":"","stick-header-meta":"","header-above-stick-meta":"","header-main-stick-meta":"","header-below-stick-meta":"","astra-migrate-meta-layouts":"set","ast-page-background-enabled":"default","ast-page-background-meta":{"desktop":{"background-color":"var(--ast-global-color-4)","background-image":"","background-repeat":"repeat","background-position":"center center","background-size":"auto","background-attachment":"scroll","background-type":"","background-media":"","overlay-type":"","overlay-color":"","overlay-opacity":"","overlay-gradient":""},"tablet":{"background-color":"","background-image":"","background-repeat":"repeat","background-position":"center center","background-size":"auto","background-attachment":"scroll","background-type":"","background-media":"","overlay-type":"","overlay-color":"","overlay-opacity":"","overlay-gradient":""},"mobile":{"background-color":"","background-image":"","background-repeat":"repeat","background-position":"center center","background-size":"auto","background-attachment":"scroll","background-type":"","background-media":"","overlay-type":"","overlay-color":"","overlay-opacity":"","overlay-gradient":""}},"ast-content-background-meta":{"desktop":{"background-color":"var(--ast-global-color-5)","background-image":"","background-repeat":"repeat","background-position":"center center","background-size":"auto","background-attachment":"scroll","background-type":"","background-media":"","overlay-type":"","overlay-color":"","overlay-opacity":"","overlay-gradient":""},"tablet":{"background-color":"var(--ast-global-color-5)","background-image":"","background-repeat":"repeat","background-position":"center center","background-size":"auto","background-attachment":"scroll","background-type":"","background-media":"","overlay-type":"","overlay-color":"","overlay-opacity":"","overlay-gradient":""},"mobile":{"background-color":"var(--ast-global-color-5)","background-image":"","background-repeat":"repeat","background-position":"center center","background-size":"auto","background-attachment":"scroll","background-type":"","background-media":"","overlay-type":"","overlay-color":"","overlay-opacity":"","overlay-gradient":""}}},"product_brand":[40],"product_cat":[121],"product_tag":[176,175],"class_list":{"0":"post-1539","1":"product","2":"type-product","3":"status-publish","4":"has-post-thumbnail","6":"product_brand-fedablio","7":"product_cat-adaptador","8":"product_tag-adaptador-dip28","9":"product_tag-adaptador-tssop28","10":"desktop-align-center","11":"tablet-align-left","12":"mobile-align-left","14":"first","15":"instock","16":"taxable","17":"shipping-taxable","18":"product-type-simple"},"_links":{"self":[{"href":"https:\/\/fedablio.com.br\/loja\/wp-json\/wp\/v2\/product\/1539","targetHints":{"allow":["GET"]}}],"collection":[{"href":"https:\/\/fedablio.com.br\/loja\/wp-json\/wp\/v2\/product"}],"about":[{"href":"https:\/\/fedablio.com.br\/loja\/wp-json\/wp\/v2\/types\/product"}],"replies":[{"embeddable":true,"href":"https:\/\/fedablio.com.br\/loja\/wp-json\/wp\/v2\/comments?post=1539"}],"wp:featuredmedia":[{"embeddable":true,"href":"https:\/\/fedablio.com.br\/loja\/wp-json\/wp\/v2\/media\/1534"}],"wp:attachment":[{"href":"https:\/\/fedablio.com.br\/loja\/wp-json\/wp\/v2\/media?parent=1539"}],"wp:term":[{"taxonomy":"product_brand","embeddable":true,"href":"https:\/\/fedablio.com.br\/loja\/wp-json\/wp\/v2\/product_brand?post=1539"},{"taxonomy":"product_cat","embeddable":true,"href":"https:\/\/fedablio.com.br\/loja\/wp-json\/wp\/v2\/product_cat?post=1539"},{"taxonomy":"product_tag","embeddable":true,"href":"https:\/\/fedablio.com.br\/loja\/wp-json\/wp\/v2\/product_tag?post=1539"}],"curies":[{"name":"wp","href":"https:\/\/api.w.org\/{rel}","templated":true}]}}