{"id":1567,"date":"2025-06-03T17:30:14","date_gmt":"2025-06-03T20:30:14","guid":{"rendered":"https:\/\/fedablio.com.br\/loja\/?post_type=product&#038;p=1567"},"modified":"2026-02-18T11:32:50","modified_gmt":"2026-02-18T14:32:50","slug":"placa-on-screen-display-fedablio-osd7456","status":"publish","type":"product","link":"https:\/\/fedablio.com.br\/loja\/produto\/placa-on-screen-display-fedablio-osd7456\/","title":{"rendered":"Placa On-screen display Fedablio OSD7456"},"content":{"rendered":"<p><strong>Que tal usar o seu Arduino com informa\u00e7\u00f5es OSD? Com a placa Fedablio OSD7456 voc\u00ea consegue pegar imagens da sua c\u00e2mera anal\u00f3gica (n\u00e3o fornecida), juntar com informa\u00e7\u00f5es do seu Arduino (n\u00e3o fornecido) e exibir em uma tela (n\u00e3o fornecida).<\/strong><\/p>\n<p>Marca: Fedablio<br \/>\nModelo: OSD7456<br \/>\nTamanho: 60 x 55 mm<br \/>\nCor: verde<\/p>\n<p><img decoding=\"async\" src=\"https:\/\/fedablio.com.br\/loja\/wp-content\/uploads\/2025\/06\/placa-osd7456-06.png\" \/><\/p>\n<p><img decoding=\"async\" src=\"https:\/\/fedablio.com.br\/loja\/wp-content\/uploads\/2025\/06\/placa-osd7456-07.jpg\" \/><\/p>\n<p><strong>Peso e tamanho (embalagem de entrega)<\/strong><\/p>\n<p>0,045 kg (45 gr)<br \/>\n16 \u00d7 10 \u00d7 3 cm<\/p>\n<p><strong>Para mais detalhes, baixe o manual:<\/strong><\/p>\n<p><a href=\"https:\/\/fedablio.com.br\/baixar\/on-screen-display.pdf\" target=\"_blank\" rel=\"noopener\">Manual de instru\u00e7\u00f5es OSD7456<\/a><\/p>\n","protected":false},"excerpt":{"rendered":"<p>Que tal usar o seu Arduino com informa\u00e7\u00f5es OSD? Com a placa Fedablio OSD7456 voc\u00ea consegue pegar imagens da sua c\u00e2mera anal\u00f3gica (n\u00e3o fornecida), juntar com informa\u00e7\u00f5es do seu Arduino (n\u00e3o fornecido) e exibir em uma tela (n\u00e3o fornecida). Marca: Fedablio Modelo: OSD7456 Tamanho: 60 x 55 mm Cor: verde Peso e tamanho (embalagem de [&hellip;]<\/p>\n","protected":false},"featured_media":1586,"comment_status":"open","ping_status":"closed","template":"","meta":{"site-sidebar-layout":"default","site-content-layout":"","ast-site-content-layout":"default","site-content-style":"default","site-sidebar-style":"default","ast-global-header-display":"","ast-banner-title-visibility":"","ast-main-header-display":"","ast-hfb-above-header-display":"","ast-hfb-below-header-display":"","ast-hfb-mobile-header-display":"","site-post-title":"","ast-breadcrumbs-content":"","ast-featured-img":"","footer-sml-layout":"","theme-transparent-header-meta":"default","adv-header-id-meta":"","stick-header-meta":"","header-above-stick-meta":"","header-main-stick-meta":"","header-below-stick-meta":"","astra-migrate-meta-layouts":"set","ast-page-background-enabled":"default","ast-page-background-meta":{"desktop":{"background-color":"var(--ast-global-color-4)","background-image":"","background-repeat":"repeat","background-position":"center center","background-size":"auto","background-attachment":"scroll","background-type":"","background-media":"","overlay-type":"","overlay-color":"","overlay-opacity":"","overlay-gradient":""},"tablet":{"background-color":"","background-image":"","background-repeat":"repeat","background-position":"center center","background-size":"auto","background-attachment":"scroll","background-type":"","background-media":"","overlay-type":"","overlay-color":"","overlay-opacity":"","overlay-gradient":""},"mobile":{"background-color":"","background-image":"","background-repeat":"repeat","background-position":"center center","background-size":"auto","background-attachment":"scroll","background-type":"","background-media":"","overlay-type":"","overlay-color":"","overlay-opacity":"","overlay-gradient":""}},"ast-content-background-meta":{"desktop":{"background-color":"var(--ast-global-color-5)","background-image":"","background-repeat":"repeat","background-position":"center center","background-size":"auto","background-attachment":"scroll","background-type":"","background-media":"","overlay-type":"","overlay-color":"","overlay-opacity":"","overlay-gradient":""},"tablet":{"background-color":"var(--ast-global-color-5)","background-image":"","background-repeat":"repeat","background-position":"center center","background-size":"auto","background-attachment":"scroll","background-type":"","background-media":"","overlay-type":"","overlay-color":"","overlay-opacity":"","overlay-gradient":""},"mobile":{"background-color":"var(--ast-global-color-5)","background-image":"","background-repeat":"repeat","background-position":"center center","background-size":"auto","background-attachment":"scroll","background-type":"","background-media":"","overlay-type":"","overlay-color":"","overlay-opacity":"","overlay-gradient":""}}},"product_brand":[40],"product_cat":[112],"product_tag":[174,171,172,173],"class_list":{"0":"post-1567","1":"product","2":"type-product","3":"status-publish","4":"has-post-thumbnail","6":"product_brand-fedablio","7":"product_cat-modulo","8":"product_tag-7456-arduino","9":"product_tag-max7456","10":"product_tag-max7456-com-arduino","11":"product_tag-osd-arduino","12":"desktop-align-center","13":"tablet-align-left","14":"mobile-align-left","16":"first","17":"instock","18":"taxable","19":"shipping-taxable","20":"product-type-simple"},"_links":{"self":[{"href":"https:\/\/fedablio.com.br\/loja\/wp-json\/wp\/v2\/product\/1567","targetHints":{"allow":["GET"]}}],"collection":[{"href":"https:\/\/fedablio.com.br\/loja\/wp-json\/wp\/v2\/product"}],"about":[{"href":"https:\/\/fedablio.com.br\/loja\/wp-json\/wp\/v2\/types\/product"}],"replies":[{"embeddable":true,"href":"https:\/\/fedablio.com.br\/loja\/wp-json\/wp\/v2\/comments?post=1567"}],"wp:featuredmedia":[{"embeddable":true,"href":"https:\/\/fedablio.com.br\/loja\/wp-json\/wp\/v2\/media\/1586"}],"wp:attachment":[{"href":"https:\/\/fedablio.com.br\/loja\/wp-json\/wp\/v2\/media?parent=1567"}],"wp:term":[{"taxonomy":"product_brand","embeddable":true,"href":"https:\/\/fedablio.com.br\/loja\/wp-json\/wp\/v2\/product_brand?post=1567"},{"taxonomy":"product_cat","embeddable":true,"href":"https:\/\/fedablio.com.br\/loja\/wp-json\/wp\/v2\/product_cat?post=1567"},{"taxonomy":"product_tag","embeddable":true,"href":"https:\/\/fedablio.com.br\/loja\/wp-json\/wp\/v2\/product_tag?post=1567"}],"curies":[{"name":"wp","href":"https:\/\/api.w.org\/{rel}","templated":true}]}}