{"id":1643,"date":"2025-08-03T12:37:27","date_gmt":"2025-08-03T15:37:27","guid":{"rendered":"https:\/\/fedablio.com.br\/loja\/?post_type=product&#038;p=1643"},"modified":"2025-08-29T12:53:50","modified_gmt":"2025-08-29T15:53:50","slug":"transmissor-e-receptor-de-audio-bluetooth","status":"publish","type":"product","link":"https:\/\/fedablio.com.br\/loja\/produto\/transmissor-e-receptor-de-audio-bluetooth\/","title":{"rendered":"Transmissor e receptor de audio bluetooth"},"content":{"rendered":"<p><strong>A fun\u00e7\u00e3o do transmissor Bluetooth \u00e9 adicionar a fun\u00e7\u00e3o Bluetooth a dispositivos sem a fun\u00e7\u00e3o Bluetooth, como TVs\/computadores, para que possam se conectar a caixas de som\/fones de ouvido Bluetooth. Este \u00e9 um transmissor Bluetooth constru\u00eddo com a mais recente tecnologia; ele n\u00e3o ser\u00e1 exibido nos dispositivos Bluetooth do seu telefone, computador ou TV. Voc\u00ea s\u00f3 precisa aproximar os dispositivos Bluetooth deste transmissor Bluetooth para que eles se conectem automaticamente.<\/strong><\/p>\n<p>A fun\u00e7\u00e3o do receptor Bluetooth \u00e9 adicionar a fun\u00e7\u00e3o sem fio Bluetooth \u00e0 caixa de som\/fone de ouvido com fio, para que o dispositivo habilitado para Bluetooth, como o celular, possa ser conectado sem fio \u00e0 caixa de som\/fone de ouvido com fio por meio do adaptador.<\/p>\n<p>Modelo: BT16<br \/>\nModo transmissor bluetooth: Converta \u00e1udio com fio em sinal Bluetooth e transmita-o para o dispositivo bluetooth.<br \/>\nModo receptor bluetooth: Receba o sinal bluetooth e transmita-o para \u00e1udio com fio atrav\u00e9s da conex\u00e3o bluetooth.<br \/>\nPlug: 3,5 mm<br \/>\nVers\u00e3o Bluetooth: 5.2<br \/>\nCapacidade da bateria: 120 mAh<br \/>\nAlcance de trabalho: 10 M (desde que n\u00e3o haja nenhuma barreira)<br \/>\nTempo de carregamento: 3 horas<br \/>\nTempo de uso: 4 horas<br \/>\nTempo de espera: 80 horas<br \/>\nMicrofone de suporte: sim, somente no modo RX (receptor)<br \/>\nProduto usado por cerca de 30 minutos: n\u00e3o era o que eu queria<\/p>\n<p><strong>Peso e tamanho (embalagem de entrega)<\/strong><\/p>\n<ul>\n<li>0,050 kg (50 gr)<\/li>\n<li>16 \u00d7 10 \u00d7 3 cm<\/li>\n<\/ul>\n<p><img decoding=\"async\" src=\"https:\/\/fedablio.com.br\/loja\/wp-content\/uploads\/2025\/08\/rec-tra-blue-04.png\" \/><\/p>\n","protected":false},"excerpt":{"rendered":"<p>A fun\u00e7\u00e3o do transmissor Bluetooth \u00e9 adicionar a fun\u00e7\u00e3o Bluetooth a dispositivos sem a fun\u00e7\u00e3o Bluetooth, como TVs\/computadores, para que possam se conectar a caixas de som\/fones de ouvido Bluetooth. Este \u00e9 um transmissor Bluetooth constru\u00eddo com a mais recente tecnologia; ele n\u00e3o ser\u00e1 exibido nos dispositivos Bluetooth do seu telefone, computador ou TV. Voc\u00ea [&hellip;]<\/p>\n","protected":false},"featured_media":1639,"comment_status":"open","ping_status":"closed","template":"","meta":{"site-sidebar-layout":"default","site-content-layout":"","ast-site-content-layout":"default","site-content-style":"default","site-sidebar-style":"default","ast-global-header-display":"","ast-banner-title-visibility":"","ast-main-header-display":"","ast-hfb-above-header-display":"","ast-hfb-below-header-display":"","ast-hfb-mobile-header-display":"","site-post-title":"","ast-breadcrumbs-content":"","ast-featured-img":"","footer-sml-layout":"","theme-transparent-header-meta":"default","adv-header-id-meta":"","stick-header-meta":"","header-above-stick-meta":"","header-main-stick-meta":"","header-below-stick-meta":"","astra-migrate-meta-layouts":"set","ast-page-background-enabled":"default","ast-page-background-meta":{"desktop":{"background-color":"var(--ast-global-color-4)","background-image":"","background-repeat":"repeat","background-position":"center center","background-size":"auto","background-attachment":"scroll","background-type":"","background-media":"","overlay-type":"","overlay-color":"","overlay-opacity":"","overlay-gradient":""},"tablet":{"background-color":"","background-image":"","background-repeat":"repeat","background-position":"center center","background-size":"auto","background-attachment":"scroll","background-type":"","background-media":"","overlay-type":"","overlay-color":"","overlay-opacity":"","overlay-gradient":""},"mobile":{"background-color":"","background-image":"","background-repeat":"repeat","background-position":"center center","background-size":"auto","background-attachment":"scroll","background-type":"","background-media":"","overlay-type":"","overlay-color":"","overlay-opacity":"","overlay-gradient":""}},"ast-content-background-meta":{"desktop":{"background-color":"var(--ast-global-color-5)","background-image":"","background-repeat":"repeat","background-position":"center center","background-size":"auto","background-attachment":"scroll","background-type":"","background-media":"","overlay-type":"","overlay-color":"","overlay-opacity":"","overlay-gradient":""},"tablet":{"background-color":"var(--ast-global-color-5)","background-image":"","background-repeat":"repeat","background-position":"center center","background-size":"auto","background-attachment":"scroll","background-type":"","background-media":"","overlay-type":"","overlay-color":"","overlay-opacity":"","overlay-gradient":""},"mobile":{"background-color":"var(--ast-global-color-5)","background-image":"","background-repeat":"repeat","background-position":"center center","background-size":"auto","background-attachment":"scroll","background-type":"","background-media":"","overlay-type":"","overlay-color":"","overlay-opacity":"","overlay-gradient":""}}},"product_brand":[],"product_cat":[121],"product_tag":[180,129,133],"class_list":{"0":"post-1643","1":"product","2":"type-product","3":"status-publish","4":"has-post-thumbnail","6":"product_cat-adaptador","7":"product_tag-bluetooth-tx-rx","8":"product_tag-receptor-bluetooth","9":"product_tag-transmissor-bluetooth","10":"desktop-align-center","11":"tablet-align-left","12":"mobile-align-left","14":"first","15":"instock","16":"taxable","17":"shipping-taxable","18":"product-type-simple"},"_links":{"self":[{"href":"https:\/\/fedablio.com.br\/loja\/wp-json\/wp\/v2\/product\/1643","targetHints":{"allow":["GET"]}}],"collection":[{"href":"https:\/\/fedablio.com.br\/loja\/wp-json\/wp\/v2\/product"}],"about":[{"href":"https:\/\/fedablio.com.br\/loja\/wp-json\/wp\/v2\/types\/product"}],"replies":[{"embeddable":true,"href":"https:\/\/fedablio.com.br\/loja\/wp-json\/wp\/v2\/comments?post=1643"}],"wp:featuredmedia":[{"embeddable":true,"href":"https:\/\/fedablio.com.br\/loja\/wp-json\/wp\/v2\/media\/1639"}],"wp:attachment":[{"href":"https:\/\/fedablio.com.br\/loja\/wp-json\/wp\/v2\/media?parent=1643"}],"wp:term":[{"taxonomy":"product_brand","embeddable":true,"href":"https:\/\/fedablio.com.br\/loja\/wp-json\/wp\/v2\/product_brand?post=1643"},{"taxonomy":"product_cat","embeddable":true,"href":"https:\/\/fedablio.com.br\/loja\/wp-json\/wp\/v2\/product_cat?post=1643"},{"taxonomy":"product_tag","embeddable":true,"href":"https:\/\/fedablio.com.br\/loja\/wp-json\/wp\/v2\/product_tag?post=1643"}],"curies":[{"name":"wp","href":"https:\/\/api.w.org\/{rel}","templated":true}]}}