{"id":1644,"date":"2025-08-03T13:51:07","date_gmt":"2025-08-03T16:51:07","guid":{"rendered":"https:\/\/fedablio.com.br\/loja\/?post_type=product&#038;p=1644"},"modified":"2026-02-18T11:23:16","modified_gmt":"2026-02-18T14:23:16","slug":"receptor-de-audio-bluetooth","status":"publish","type":"product","link":"https:\/\/fedablio.com.br\/loja\/produto\/receptor-de-audio-bluetooth\/","title":{"rendered":"Receptor de audio bluetooth"},"content":{"rendered":"<p><strong>Adaptador Receptor Audio Bluetooth para carro, ideal para conectar seu smartphone ao seu carro e ouvir suas m\u00fasicas favoritas. Com esse adaptador voc\u00ea poder\u00e1 ter som de alta qualidade e praticidade para conectar seu celular.<\/strong><\/p>\n<p>Cor: Preto<br \/>\nTamanho: 50 x 20 x 10 mm<br \/>\nDist\u00e2ncia m\u00e1xima de recep\u00e7\u00e3o: 10 M<br \/>\nConector de entrada: 3,5 mm<br \/>\nBluetooth: A2DP e AVRCP<br \/>\nTempo de dura\u00e7\u00e3o: at\u00e9 8 horas (tamb\u00e9m pode ser usado conectado \u00e0 porta USB)<\/p>\n<p><strong>Conte\u00fado<\/strong><\/p>\n<ul>\n<li>1 receptor de \u00e1udio Bluetooth<\/li>\n<li>1 adaptador de \u00e1udio de com plug de 3,5 mm<\/li>\n<li>1 cabo de carregamento USB<\/li>\n<li>1 manual do usu\u00e1rio em ingl\u00eas<\/li>\n<\/ul>\n<p><strong>Peso e tamanho (embalagem de entrega)<\/strong><\/p>\n<ul>\n<li>0,050 kg (50 gr)<\/li>\n<li>16 \u00d7 10 \u00d7 3 cm<\/li>\n<\/ul>\n<p><img decoding=\"async\" src=\"https:\/\/fedablio.com.br\/loja\/wp-content\/uploads\/2025\/08\/rec-blue-02.png\" \/><\/p>\n","protected":false},"excerpt":{"rendered":"<p>Adaptador Receptor Audio Bluetooth para carro, ideal para conectar seu smartphone ao seu carro e ouvir suas m\u00fasicas favoritas. Com esse adaptador voc\u00ea poder\u00e1 ter som de alta qualidade e praticidade para conectar seu celular. Cor: Preto Tamanho: 50 x 20 x 10 mm Dist\u00e2ncia m\u00e1xima de recep\u00e7\u00e3o: 10 M Conector de entrada: 3,5 mm [&hellip;]<\/p>\n","protected":false},"featured_media":1645,"comment_status":"open","ping_status":"closed","template":"","meta":{"site-sidebar-layout":"default","site-content-layout":"","ast-site-content-layout":"default","site-content-style":"default","site-sidebar-style":"default","ast-global-header-display":"","ast-banner-title-visibility":"","ast-main-header-display":"","ast-hfb-above-header-display":"","ast-hfb-below-header-display":"","ast-hfb-mobile-header-display":"","site-post-title":"","ast-breadcrumbs-content":"","ast-featured-img":"","footer-sml-layout":"","theme-transparent-header-meta":"default","adv-header-id-meta":"","stick-header-meta":"","header-above-stick-meta":"","header-main-stick-meta":"","header-below-stick-meta":"","astra-migrate-meta-layouts":"set","ast-page-background-enabled":"default","ast-page-background-meta":{"desktop":{"background-color":"var(--ast-global-color-4)","background-image":"","background-repeat":"repeat","background-position":"center center","background-size":"auto","background-attachment":"scroll","background-type":"","background-media":"","overlay-type":"","overlay-color":"","overlay-opacity":"","overlay-gradient":""},"tablet":{"background-color":"","background-image":"","background-repeat":"repeat","background-position":"center center","background-size":"auto","background-attachment":"scroll","background-type":"","background-media":"","overlay-type":"","overlay-color":"","overlay-opacity":"","overlay-gradient":""},"mobile":{"background-color":"","background-image":"","background-repeat":"repeat","background-position":"center center","background-size":"auto","background-attachment":"scroll","background-type":"","background-media":"","overlay-type":"","overlay-color":"","overlay-opacity":"","overlay-gradient":""}},"ast-content-background-meta":{"desktop":{"background-color":"var(--ast-global-color-5)","background-image":"","background-repeat":"repeat","background-position":"center center","background-size":"auto","background-attachment":"scroll","background-type":"","background-media":"","overlay-type":"","overlay-color":"","overlay-opacity":"","overlay-gradient":""},"tablet":{"background-color":"var(--ast-global-color-5)","background-image":"","background-repeat":"repeat","background-position":"center center","background-size":"auto","background-attachment":"scroll","background-type":"","background-media":"","overlay-type":"","overlay-color":"","overlay-opacity":"","overlay-gradient":""},"mobile":{"background-color":"var(--ast-global-color-5)","background-image":"","background-repeat":"repeat","background-position":"center center","background-size":"auto","background-attachment":"scroll","background-type":"","background-media":"","overlay-type":"","overlay-color":"","overlay-opacity":"","overlay-gradient":""}}},"product_brand":[],"product_cat":[121],"product_tag":[181,129],"class_list":{"0":"post-1644","1":"product","2":"type-product","3":"status-publish","4":"has-post-thumbnail","6":"product_cat-adaptador","7":"product_tag-bluetooth-rx","8":"product_tag-receptor-bluetooth","9":"desktop-align-center","10":"tablet-align-left","11":"mobile-align-left","13":"first","14":"instock","15":"taxable","16":"shipping-taxable","17":"product-type-simple"},"_links":{"self":[{"href":"https:\/\/fedablio.com.br\/loja\/wp-json\/wp\/v2\/product\/1644","targetHints":{"allow":["GET"]}}],"collection":[{"href":"https:\/\/fedablio.com.br\/loja\/wp-json\/wp\/v2\/product"}],"about":[{"href":"https:\/\/fedablio.com.br\/loja\/wp-json\/wp\/v2\/types\/product"}],"replies":[{"embeddable":true,"href":"https:\/\/fedablio.com.br\/loja\/wp-json\/wp\/v2\/comments?post=1644"}],"wp:featuredmedia":[{"embeddable":true,"href":"https:\/\/fedablio.com.br\/loja\/wp-json\/wp\/v2\/media\/1645"}],"wp:attachment":[{"href":"https:\/\/fedablio.com.br\/loja\/wp-json\/wp\/v2\/media?parent=1644"}],"wp:term":[{"taxonomy":"product_brand","embeddable":true,"href":"https:\/\/fedablio.com.br\/loja\/wp-json\/wp\/v2\/product_brand?post=1644"},{"taxonomy":"product_cat","embeddable":true,"href":"https:\/\/fedablio.com.br\/loja\/wp-json\/wp\/v2\/product_cat?post=1644"},{"taxonomy":"product_tag","embeddable":true,"href":"https:\/\/fedablio.com.br\/loja\/wp-json\/wp\/v2\/product_tag?post=1644"}],"curies":[{"name":"wp","href":"https:\/\/api.w.org\/{rel}","templated":true}]}}