{"id":1694,"date":"2025-09-03T22:36:29","date_gmt":"2025-09-04T01:36:29","guid":{"rendered":"https:\/\/fedablio.com.br\/loja\/?post_type=product&#038;p=1694"},"modified":"2026-02-02T07:42:50","modified_gmt":"2026-02-02T10:42:50","slug":"led-de-iluminacao-para-painel","status":"publish","type":"product","link":"https:\/\/fedablio.com.br\/loja\/produto\/led-de-iluminacao-para-painel\/","title":{"rendered":"LED de ilumina\u00e7\u00e3o para painel"},"content":{"rendered":"<p><strong>Consumo da baixa pot\u00eancia, brilho alto e longa vida \u00fatil. F\u00e1cil de instalar: conecte os fios positivos e negativos \u00e0 bateria (12V) do seu ve\u00edculo.<\/strong><br \/>\n<strong>Pode ser usado como luz alternativa, luz de canto, luz de parada, luz do estacionamento, luz da cauda ou a luz reversa etc.<\/strong><\/p>\n<p style=\"color: red;\"><strong>01 (uma) unidade: para adicionar mais unidades, clique no bot\u00e3o &#8220;+&#8221; para o n\u00famero de unidades desejadas<\/strong><\/p>\n<p>Cor: Branco<br \/>\nMaterial: liga de alum\u00ednio com lente astigm\u00e1tica<br \/>\nDi\u00e2metro da rosca: 10 mm<br \/>\nAplica\u00e7\u00e3o do ve\u00edculo: Universal<br \/>\nVida \u00fatil: aproximadamente 500.000 horas<br \/>\nCor do bulbo temp: 6.000K a 6.700K<br \/>\nBrilho: 70 a 90 LM<br \/>\nTens\u00e3o nominal: 12V<br \/>\nCorrente nominam: 70 mA<br \/>\nPot\u00eancia nominal consumo: 84 mW<br \/>\nTamanho do fio: 35 cm<\/p>\n<p><strong>Peso e tamanho (embalagem de entrega)<\/strong><\/p>\n<ul>\n<li>0,045 kg (45 gr)<\/li>\n<li>16 \u00d7 10 \u00d7 3 cm<\/li>\n<\/ul>\n<p><img decoding=\"async\" src=\"https:\/\/fedablio.com.br\/loja\/wp-content\/uploads\/2025\/09\/led-painel-04.png\" \/><\/p>\n<p><img decoding=\"async\" src=\"https:\/\/fedablio.com.br\/loja\/wp-content\/uploads\/2025\/09\/led-painel-05.png\" \/><\/p>\n<p><img decoding=\"async\" src=\"https:\/\/fedablio.com.br\/loja\/wp-content\/uploads\/2025\/09\/led-painel-06.png\" \/><\/p>\n","protected":false},"excerpt":{"rendered":"<p>Consumo da baixa pot\u00eancia, brilho alto e longa vida \u00fatil. F\u00e1cil de instalar: conecte os fios positivos e negativos \u00e0 bateria (12V) do seu ve\u00edculo. Pode ser usado como luz alternativa, luz de canto, luz de parada, luz do estacionamento, luz da cauda ou a luz reversa etc. 01 (uma) unidade: para adicionar mais unidades, [&hellip;]<\/p>\n","protected":false},"featured_media":1713,"comment_status":"open","ping_status":"closed","template":"","meta":{"site-sidebar-layout":"default","site-content-layout":"","ast-site-content-layout":"default","site-content-style":"default","site-sidebar-style":"default","ast-global-header-display":"","ast-banner-title-visibility":"","ast-main-header-display":"","ast-hfb-above-header-display":"","ast-hfb-below-header-display":"","ast-hfb-mobile-header-display":"","site-post-title":"","ast-breadcrumbs-content":"","ast-featured-img":"","footer-sml-layout":"","theme-transparent-header-meta":"default","adv-header-id-meta":"","stick-header-meta":"","header-above-stick-meta":"","header-main-stick-meta":"","header-below-stick-meta":"","astra-migrate-meta-layouts":"set","ast-page-background-enabled":"default","ast-page-background-meta":{"desktop":{"background-color":"var(--ast-global-color-4)","background-image":"","background-repeat":"repeat","background-position":"center center","background-size":"auto","background-attachment":"scroll","background-type":"","background-media":"","overlay-type":"","overlay-color":"","overlay-opacity":"","overlay-gradient":""},"tablet":{"background-color":"","background-image":"","background-repeat":"repeat","background-position":"center center","background-size":"auto","background-attachment":"scroll","background-type":"","background-media":"","overlay-type":"","overlay-color":"","overlay-opacity":"","overlay-gradient":""},"mobile":{"background-color":"","background-image":"","background-repeat":"repeat","background-position":"center center","background-size":"auto","background-attachment":"scroll","background-type":"","background-media":"","overlay-type":"","overlay-color":"","overlay-opacity":"","overlay-gradient":""}},"ast-content-background-meta":{"desktop":{"background-color":"var(--ast-global-color-5)","background-image":"","background-repeat":"repeat","background-position":"center center","background-size":"auto","background-attachment":"scroll","background-type":"","background-media":"","overlay-type":"","overlay-color":"","overlay-opacity":"","overlay-gradient":""},"tablet":{"background-color":"var(--ast-global-color-5)","background-image":"","background-repeat":"repeat","background-position":"center center","background-size":"auto","background-attachment":"scroll","background-type":"","background-media":"","overlay-type":"","overlay-color":"","overlay-opacity":"","overlay-gradient":""},"mobile":{"background-color":"var(--ast-global-color-5)","background-image":"","background-repeat":"repeat","background-position":"center center","background-size":"auto","background-attachment":"scroll","background-type":"","background-media":"","overlay-type":"","overlay-color":"","overlay-opacity":"","overlay-gradient":""}}},"product_brand":[193],"product_cat":[185],"product_tag":[187,186],"class_list":{"0":"post-1694","1":"product","2":"type-product","3":"status-publish","4":"has-post-thumbnail","6":"product_brand-smd","7":"product_cat-iluminacao","8":"product_tag-led-automotivo","9":"product_tag-led-para-painel","10":"desktop-align-center","11":"tablet-align-left","12":"mobile-align-left","14":"first","15":"instock","16":"taxable","17":"shipping-taxable","18":"product-type-simple"},"_links":{"self":[{"href":"https:\/\/fedablio.com.br\/loja\/wp-json\/wp\/v2\/product\/1694","targetHints":{"allow":["GET"]}}],"collection":[{"href":"https:\/\/fedablio.com.br\/loja\/wp-json\/wp\/v2\/product"}],"about":[{"href":"https:\/\/fedablio.com.br\/loja\/wp-json\/wp\/v2\/types\/product"}],"replies":[{"embeddable":true,"href":"https:\/\/fedablio.com.br\/loja\/wp-json\/wp\/v2\/comments?post=1694"}],"wp:featuredmedia":[{"embeddable":true,"href":"https:\/\/fedablio.com.br\/loja\/wp-json\/wp\/v2\/media\/1713"}],"wp:attachment":[{"href":"https:\/\/fedablio.com.br\/loja\/wp-json\/wp\/v2\/media?parent=1694"}],"wp:term":[{"taxonomy":"product_brand","embeddable":true,"href":"https:\/\/fedablio.com.br\/loja\/wp-json\/wp\/v2\/product_brand?post=1694"},{"taxonomy":"product_cat","embeddable":true,"href":"https:\/\/fedablio.com.br\/loja\/wp-json\/wp\/v2\/product_cat?post=1694"},{"taxonomy":"product_tag","embeddable":true,"href":"https:\/\/fedablio.com.br\/loja\/wp-json\/wp\/v2\/product_tag?post=1694"}],"curies":[{"name":"wp","href":"https:\/\/api.w.org\/{rel}","templated":true}]}}