{"id":1731,"date":"2025-10-11T07:50:56","date_gmt":"2025-10-11T10:50:56","guid":{"rendered":"https:\/\/fedablio.com.br\/loja\/?post_type=product&#038;p=1731"},"modified":"2025-10-11T08:12:42","modified_gmt":"2025-10-11T11:12:42","slug":"motor-brushless-emax-2204-kv2300-ccw","status":"publish","type":"product","link":"https:\/\/fedablio.com.br\/loja\/produto\/motor-brushless-emax-2204-kv2300-ccw\/","title":{"rendered":"Motor brushless Emax 2204 KV2300 CCW"},"content":{"rendered":"<p><strong>Motor sem escova EMAX MT2204 2300KV para mini quadric\u00f3ptero 180, 250 ou 280 mm. Com teste de equil\u00edbrio din\u00e2mico e processamento integrado entre o suporte de montagem da h\u00e9lice e a tampa do motor. Adota eixo NMB, de baixo ru\u00eddo e longa vida \u00fatil.<\/strong><\/p>\n<p>O <strong>CCW<\/strong> \u00e9 indicado usar para girar no sentido anti-hor\u00e1rio, por\u00e9m nada impede de utilizar no sentido hor\u00e1rio (CW)<\/p>\n<p><strong>Conte\u00fado:<\/strong><br \/>\n1 motor CCW, 1 chave Allen &#8220;L&#8221;, 4 parafusos para bra\u00e7os mais finos e 4 parafusos para bra\u00e7os mais grossos<\/p>\n<p>KV: 2300<br \/>\nEmpuxo m\u00e1ximo: 440 gr (0,44 Kg)<br \/>\nBaterias: 2 a 3S (6,0 a 12,6 V)<br \/>\nModelo: 12N14P<br \/>\nTamanho das h\u00e9lices indicadas: de 5 a 6&#8243; (polegadas)<br \/>\nAltura: 32,2 mm<br \/>\nDi\u00e2metro: 27,9 mm<br \/>\nPeso: 25 gr<br \/>\nLargura do parafuso: 3 mm<br \/>\nOriginal Emax (n\u00e3o acompanha caixa de pl\u00e1stico)<br \/>\nLargura da h\u00e9lice: M5 (5 mm)<\/p>\n<p><strong>Peso e tamanho (embalagem de entrega)<\/strong><\/p>\n<ul>\n<li>0,080 kg (80 gr)<\/li>\n<li>20 \u00d7 16 \u00d7 4 cm<\/li>\n<\/ul>\n<p><img decoding=\"async\" src=\"https:\/\/fedablio.com.br\/loja\/wp-content\/uploads\/2025\/10\/mot-emax-ccw-2204-05.png\" \/><\/p>\n","protected":false},"excerpt":{"rendered":"<p>Motor sem escova EMAX MT2204 2300KV para mini quadric\u00f3ptero 180, 250 ou 280 mm. Com teste de equil\u00edbrio din\u00e2mico e processamento integrado entre o suporte de montagem da h\u00e9lice e a tampa do motor. Adota eixo NMB, de baixo ru\u00eddo e longa vida \u00fatil. O CCW \u00e9 indicado usar para girar no sentido anti-hor\u00e1rio, por\u00e9m [&hellip;]<\/p>\n","protected":false},"featured_media":1732,"comment_status":"open","ping_status":"closed","template":"","meta":{"site-sidebar-layout":"default","site-content-layout":"","ast-site-content-layout":"default","site-content-style":"default","site-sidebar-style":"default","ast-global-header-display":"","ast-banner-title-visibility":"","ast-main-header-display":"","ast-hfb-above-header-display":"","ast-hfb-below-header-display":"","ast-hfb-mobile-header-display":"","site-post-title":"","ast-breadcrumbs-content":"","ast-featured-img":"","footer-sml-layout":"","theme-transparent-header-meta":"default","adv-header-id-meta":"","stick-header-meta":"","header-above-stick-meta":"","header-main-stick-meta":"","header-below-stick-meta":"","astra-migrate-meta-layouts":"set","ast-page-background-enabled":"default","ast-page-background-meta":{"desktop":{"background-color":"var(--ast-global-color-4)","background-image":"","background-repeat":"repeat","background-position":"center center","background-size":"auto","background-attachment":"scroll","background-type":"","background-media":"","overlay-type":"","overlay-color":"","overlay-opacity":"","overlay-gradient":""},"tablet":{"background-color":"","background-image":"","background-repeat":"repeat","background-position":"center center","background-size":"auto","background-attachment":"scroll","background-type":"","background-media":"","overlay-type":"","overlay-color":"","overlay-opacity":"","overlay-gradient":""},"mobile":{"background-color":"","background-image":"","background-repeat":"repeat","background-position":"center center","background-size":"auto","background-attachment":"scroll","background-type":"","background-media":"","overlay-type":"","overlay-color":"","overlay-opacity":"","overlay-gradient":""}},"ast-content-background-meta":{"desktop":{"background-color":"var(--ast-global-color-5)","background-image":"","background-repeat":"repeat","background-position":"center center","background-size":"auto","background-attachment":"scroll","background-type":"","background-media":"","overlay-type":"","overlay-color":"","overlay-opacity":"","overlay-gradient":""},"tablet":{"background-color":"var(--ast-global-color-5)","background-image":"","background-repeat":"repeat","background-position":"center center","background-size":"auto","background-attachment":"scroll","background-type":"","background-media":"","overlay-type":"","overlay-color":"","overlay-opacity":"","overlay-gradient":""},"mobile":{"background-color":"var(--ast-global-color-5)","background-image":"","background-repeat":"repeat","background-position":"center center","background-size":"auto","background-attachment":"scroll","background-type":"","background-media":"","overlay-type":"","overlay-color":"","overlay-opacity":"","overlay-gradient":""}}},"product_brand":[83],"product_cat":[108],"product_tag":[192,189,190,191,188],"class_list":{"0":"post-1731","1":"product","2":"type-product","3":"status-publish","4":"has-post-thumbnail","6":"product_brand-emax","7":"product_cat-motor","8":"product_tag-emax","9":"product_tag-motor-2204","10":"product_tag-motor-2300","11":"product_tag-motor-drone","12":"product_tag-motor-emax","13":"desktop-align-center","14":"tablet-align-left","15":"mobile-align-left","17":"first","18":"instock","19":"taxable","20":"shipping-taxable","21":"product-type-simple"},"_links":{"self":[{"href":"https:\/\/fedablio.com.br\/loja\/wp-json\/wp\/v2\/product\/1731","targetHints":{"allow":["GET"]}}],"collection":[{"href":"https:\/\/fedablio.com.br\/loja\/wp-json\/wp\/v2\/product"}],"about":[{"href":"https:\/\/fedablio.com.br\/loja\/wp-json\/wp\/v2\/types\/product"}],"replies":[{"embeddable":true,"href":"https:\/\/fedablio.com.br\/loja\/wp-json\/wp\/v2\/comments?post=1731"}],"wp:featuredmedia":[{"embeddable":true,"href":"https:\/\/fedablio.com.br\/loja\/wp-json\/wp\/v2\/media\/1732"}],"wp:attachment":[{"href":"https:\/\/fedablio.com.br\/loja\/wp-json\/wp\/v2\/media?parent=1731"}],"wp:term":[{"taxonomy":"product_brand","embeddable":true,"href":"https:\/\/fedablio.com.br\/loja\/wp-json\/wp\/v2\/product_brand?post=1731"},{"taxonomy":"product_cat","embeddable":true,"href":"https:\/\/fedablio.com.br\/loja\/wp-json\/wp\/v2\/product_cat?post=1731"},{"taxonomy":"product_tag","embeddable":true,"href":"https:\/\/fedablio.com.br\/loja\/wp-json\/wp\/v2\/product_tag?post=1731"}],"curies":[{"name":"wp","href":"https:\/\/api.w.org\/{rel}","templated":true}]}}