{"id":1774,"date":"2025-10-13T20:59:52","date_gmt":"2025-10-13T23:59:52","guid":{"rendered":"https:\/\/fedablio.com.br\/loja\/?post_type=product&#038;p=1774"},"modified":"2026-02-10T10:07:34","modified_gmt":"2026-02-10T13:07:34","slug":"modulo-conversor-usb-serial-ch340g-na-placa-dip","status":"publish","type":"product","link":"https:\/\/fedablio.com.br\/loja\/produto\/modulo-conversor-usb-serial-ch340g-na-placa-dip\/","title":{"rendered":"M\u00f3dulo Conversor USB Serial CH340G na placa DIP"},"content":{"rendered":"<p><strong>Transforme facilmente a comunica\u00e7\u00e3o entre o seu computador e microcontroladores com este m\u00f3dulo CH340G montado em placa adaptadora DIP, pronto para uso direto em protoboards e projetos eletr\u00f4nicos!<\/strong><\/p>\n<p>Chip principal: CH340G<br \/>\nTipo de montagem: SMD em adaptador DIP 16 pinos (1.27mm para 2.54mm)<br \/>\nFacilita o uso do CH340G em protoboards, Arduino DIY, m\u00f3dulos ESP8266\/ESP32, PIC, AVR e outras plataformas.<br \/>\nConvers\u00e3o de interface USB \u2194 UART (TTL Serial).<br \/>\nCompat\u00edvel com Windows, Linux e macOS.<br \/>\nTaxa de transmiss\u00e3o ajust\u00e1vel at\u00e9 2 Mbps.<br \/>\nComunica\u00e7\u00e3o serial com microcontroladores (Arduino, ESP, STM32, etc.)<br \/>\nDesenvolvimento e teste de firmwares.<br \/>\nConex\u00e3o USB para m\u00f3dulos Bluetooth, GPS, GSM, sensores e displays.<br \/>\nConversor para interface RS232\/TTL em projetos eletr\u00f4nicos.<br \/>\nIdeal para prototipagem e ensino de eletr\u00f4nica.<br \/>\nJ\u00e1 vem soldado e pronto para uso.<br \/>\nPode ser conectado diretamente em protoboard.<br \/>\nDispensa o uso de adaptadores SMD \u2013 ideal para quem quer praticidade e compatibilidade total.<\/p>\n<p><strong>Peso e tamanho (embalagem de entrega)<\/strong><\/p>\n<ul>\n<li>0,035 kg (35 gr)<\/li>\n<li>10 \u00d7 10 \u00d7 3 cm<\/li>\n<\/ul>\n<p><img decoding=\"async\" src=\"https:\/\/fedablio.com.br\/loja\/wp-content\/uploads\/2025\/10\/ch340g-06.png\" \/><\/p>\n","protected":false},"excerpt":{"rendered":"<p>Transforme facilmente a comunica\u00e7\u00e3o entre o seu computador e microcontroladores com este m\u00f3dulo CH340G montado em placa adaptadora DIP, pronto para uso direto em protoboards e projetos eletr\u00f4nicos! Chip principal: CH340G Tipo de montagem: SMD em adaptador DIP 16 pinos (1.27mm para 2.54mm) Facilita o uso do CH340G em protoboards, Arduino DIY, m\u00f3dulos ESP8266\/ESP32, PIC, [&hellip;]<\/p>\n","protected":false},"featured_media":1775,"comment_status":"open","ping_status":"closed","template":"","meta":{"site-sidebar-layout":"default","site-content-layout":"","ast-site-content-layout":"default","site-content-style":"default","site-sidebar-style":"default","ast-global-header-display":"","ast-banner-title-visibility":"","ast-main-header-display":"","ast-hfb-above-header-display":"","ast-hfb-below-header-display":"","ast-hfb-mobile-header-display":"","site-post-title":"","ast-breadcrumbs-content":"","ast-featured-img":"","footer-sml-layout":"","theme-transparent-header-meta":"default","adv-header-id-meta":"","stick-header-meta":"","header-above-stick-meta":"","header-main-stick-meta":"","header-below-stick-meta":"","astra-migrate-meta-layouts":"set","ast-page-background-enabled":"default","ast-page-background-meta":{"desktop":{"background-color":"var(--ast-global-color-4)","background-image":"","background-repeat":"repeat","background-position":"center center","background-size":"auto","background-attachment":"scroll","background-type":"","background-media":"","overlay-type":"","overlay-color":"","overlay-opacity":"","overlay-gradient":""},"tablet":{"background-color":"","background-image":"","background-repeat":"repeat","background-position":"center center","background-size":"auto","background-attachment":"scroll","background-type":"","background-media":"","overlay-type":"","overlay-color":"","overlay-opacity":"","overlay-gradient":""},"mobile":{"background-color":"","background-image":"","background-repeat":"repeat","background-position":"center center","background-size":"auto","background-attachment":"scroll","background-type":"","background-media":"","overlay-type":"","overlay-color":"","overlay-opacity":"","overlay-gradient":""}},"ast-content-background-meta":{"desktop":{"background-color":"var(--ast-global-color-5)","background-image":"","background-repeat":"repeat","background-position":"center center","background-size":"auto","background-attachment":"scroll","background-type":"","background-media":"","overlay-type":"","overlay-color":"","overlay-opacity":"","overlay-gradient":""},"tablet":{"background-color":"var(--ast-global-color-5)","background-image":"","background-repeat":"repeat","background-position":"center center","background-size":"auto","background-attachment":"scroll","background-type":"","background-media":"","overlay-type":"","overlay-color":"","overlay-opacity":"","overlay-gradient":""},"mobile":{"background-color":"var(--ast-global-color-5)","background-image":"","background-repeat":"repeat","background-position":"center center","background-size":"auto","background-attachment":"scroll","background-type":"","background-media":"","overlay-type":"","overlay-color":"","overlay-opacity":"","overlay-gradient":""}}},"product_brand":[193],"product_cat":[112],"product_tag":[196],"class_list":{"0":"post-1774","1":"product","2":"type-product","3":"status-publish","4":"has-post-thumbnail","6":"product_brand-smd","7":"product_cat-modulo","8":"product_tag-ch340g","9":"desktop-align-center","10":"tablet-align-left","11":"mobile-align-left","13":"first","14":"instock","15":"taxable","16":"shipping-taxable","17":"product-type-simple"},"_links":{"self":[{"href":"https:\/\/fedablio.com.br\/loja\/wp-json\/wp\/v2\/product\/1774","targetHints":{"allow":["GET"]}}],"collection":[{"href":"https:\/\/fedablio.com.br\/loja\/wp-json\/wp\/v2\/product"}],"about":[{"href":"https:\/\/fedablio.com.br\/loja\/wp-json\/wp\/v2\/types\/product"}],"replies":[{"embeddable":true,"href":"https:\/\/fedablio.com.br\/loja\/wp-json\/wp\/v2\/comments?post=1774"}],"wp:featuredmedia":[{"embeddable":true,"href":"https:\/\/fedablio.com.br\/loja\/wp-json\/wp\/v2\/media\/1775"}],"wp:attachment":[{"href":"https:\/\/fedablio.com.br\/loja\/wp-json\/wp\/v2\/media?parent=1774"}],"wp:term":[{"taxonomy":"product_brand","embeddable":true,"href":"https:\/\/fedablio.com.br\/loja\/wp-json\/wp\/v2\/product_brand?post=1774"},{"taxonomy":"product_cat","embeddable":true,"href":"https:\/\/fedablio.com.br\/loja\/wp-json\/wp\/v2\/product_cat?post=1774"},{"taxonomy":"product_tag","embeddable":true,"href":"https:\/\/fedablio.com.br\/loja\/wp-json\/wp\/v2\/product_tag?post=1774"}],"curies":[{"name":"wp","href":"https:\/\/api.w.org\/{rel}","templated":true}]}}