{"id":1788,"date":"2025-10-13T21:30:23","date_gmt":"2025-10-14T00:30:23","guid":{"rendered":"https:\/\/fedablio.com.br\/loja\/?post_type=product&#038;p=1788"},"modified":"2026-02-27T14:56:14","modified_gmt":"2026-02-27T17:56:14","slug":"jumper-macho-macho-10-cm-40-cabos-varias-cores","status":"publish","type":"product","link":"https:\/\/fedablio.com.br\/loja\/produto\/jumper-macho-macho-10-cm-40-cabos-varias-cores\/","title":{"rendered":"Jumper macho-macho 10 cm 40 cabos v\u00e1rias cores"},"content":{"rendered":"<p><strong>Monte e teste seus circuitos eletr\u00f4nicos com facilidade!<\/strong><br \/>\n<strong>Este kit de jumpers \u00e9 ideal para protoboards, m\u00f3dulos Arduino, Raspberry Pi, ESP8266, ESP32, sensores e projetos eletr\u00f4nicos em geral.<\/strong><\/p>\n<p>Tipo: Jumper Macho x Macho<br \/>\nQuantidade: 40 unidades (cabos destac\u00e1veis)<br \/>\nComprimento: 10 cm<br \/>\nCores variadas (para facilitar identifica\u00e7\u00e3o dos sinais)<br \/>\nCompat\u00edvel com protoboards de 2,54 mm (padr\u00e3o)<br \/>\nCondutor em fio flex\u00edvel de alta durabilidade<br \/>\nConex\u00e3o entre sensores e microcontroladores<br \/>\nProt\u00f3tipos com Arduino, Raspberry Pi e ESP<br \/>\nTestes r\u00e1pidos de circuito<br \/>\nLaborat\u00f3rios educacionais e maker<br \/>\nCabos coloridos e separados, permitindo personaliza\u00e7\u00e3o dos conjuntos<br \/>\nAlta flexibilidade e boa condu\u00e7\u00e3o el\u00e9trica<br \/>\nConex\u00f5es firmes e de encaixe r\u00e1pido<br \/>\nIdeal para uso did\u00e1tico e profissional<\/p>\n<p><strong>Peso e tamanho (embalagem de entrega)<\/strong><\/p>\n<ul>\n<li>0,050 kg (50 gr)<\/li>\n<li>16 \u00d7 10 \u00d7 3 cm<\/li>\n<\/ul>\n","protected":false},"excerpt":{"rendered":"<p>Monte e teste seus circuitos eletr\u00f4nicos com facilidade! Este kit de jumpers \u00e9 ideal para protoboards, m\u00f3dulos Arduino, Raspberry Pi, ESP8266, ESP32, sensores e projetos eletr\u00f4nicos em geral. Tipo: Jumper Macho x Macho Quantidade: 40 unidades (cabos destac\u00e1veis) Comprimento: 10 cm Cores variadas (para facilitar identifica\u00e7\u00e3o dos sinais) Compat\u00edvel com protoboards de 2,54 mm (padr\u00e3o) [&hellip;]<\/p>\n","protected":false},"featured_media":1781,"comment_status":"open","ping_status":"closed","template":"","meta":{"site-sidebar-layout":"default","site-content-layout":"","ast-site-content-layout":"default","site-content-style":"default","site-sidebar-style":"default","ast-global-header-display":"","ast-banner-title-visibility":"","ast-main-header-display":"","ast-hfb-above-header-display":"","ast-hfb-below-header-display":"","ast-hfb-mobile-header-display":"","site-post-title":"","ast-breadcrumbs-content":"","ast-featured-img":"","footer-sml-layout":"","theme-transparent-header-meta":"default","adv-header-id-meta":"","stick-header-meta":"","header-above-stick-meta":"","header-main-stick-meta":"","header-below-stick-meta":"","astra-migrate-meta-layouts":"set","ast-page-background-enabled":"default","ast-page-background-meta":{"desktop":{"background-color":"var(--ast-global-color-4)","background-image":"","background-repeat":"repeat","background-position":"center center","background-size":"auto","background-attachment":"scroll","background-type":"","background-media":"","overlay-type":"","overlay-color":"","overlay-opacity":"","overlay-gradient":""},"tablet":{"background-color":"","background-image":"","background-repeat":"repeat","background-position":"center center","background-size":"auto","background-attachment":"scroll","background-type":"","background-media":"","overlay-type":"","overlay-color":"","overlay-opacity":"","overlay-gradient":""},"mobile":{"background-color":"","background-image":"","background-repeat":"repeat","background-position":"center center","background-size":"auto","background-attachment":"scroll","background-type":"","background-media":"","overlay-type":"","overlay-color":"","overlay-opacity":"","overlay-gradient":""}},"ast-content-background-meta":{"desktop":{"background-color":"var(--ast-global-color-5)","background-image":"","background-repeat":"repeat","background-position":"center center","background-size":"auto","background-attachment":"scroll","background-type":"","background-media":"","overlay-type":"","overlay-color":"","overlay-opacity":"","overlay-gradient":""},"tablet":{"background-color":"var(--ast-global-color-5)","background-image":"","background-repeat":"repeat","background-position":"center center","background-size":"auto","background-attachment":"scroll","background-type":"","background-media":"","overlay-type":"","overlay-color":"","overlay-opacity":"","overlay-gradient":""},"mobile":{"background-color":"var(--ast-global-color-5)","background-image":"","background-repeat":"repeat","background-position":"center center","background-size":"auto","background-attachment":"scroll","background-type":"","background-media":"","overlay-type":"","overlay-color":"","overlay-opacity":"","overlay-gradient":""}}},"product_brand":[193],"product_cat":[44],"product_tag":[197],"class_list":{"0":"post-1788","1":"product","2":"type-product","3":"status-publish","4":"has-post-thumbnail","6":"product_brand-smd","7":"product_cat-jumper","8":"product_tag-jumper-10-cm-macho-macho","9":"desktop-align-center","10":"tablet-align-left","11":"mobile-align-left","13":"first","14":"instock","15":"taxable","16":"shipping-taxable","17":"product-type-simple"},"_links":{"self":[{"href":"https:\/\/fedablio.com.br\/loja\/wp-json\/wp\/v2\/product\/1788","targetHints":{"allow":["GET"]}}],"collection":[{"href":"https:\/\/fedablio.com.br\/loja\/wp-json\/wp\/v2\/product"}],"about":[{"href":"https:\/\/fedablio.com.br\/loja\/wp-json\/wp\/v2\/types\/product"}],"replies":[{"embeddable":true,"href":"https:\/\/fedablio.com.br\/loja\/wp-json\/wp\/v2\/comments?post=1788"}],"wp:featuredmedia":[{"embeddable":true,"href":"https:\/\/fedablio.com.br\/loja\/wp-json\/wp\/v2\/media\/1781"}],"wp:attachment":[{"href":"https:\/\/fedablio.com.br\/loja\/wp-json\/wp\/v2\/media?parent=1788"}],"wp:term":[{"taxonomy":"product_brand","embeddable":true,"href":"https:\/\/fedablio.com.br\/loja\/wp-json\/wp\/v2\/product_brand?post=1788"},{"taxonomy":"product_cat","embeddable":true,"href":"https:\/\/fedablio.com.br\/loja\/wp-json\/wp\/v2\/product_cat?post=1788"},{"taxonomy":"product_tag","embeddable":true,"href":"https:\/\/fedablio.com.br\/loja\/wp-json\/wp\/v2\/product_tag?post=1788"}],"curies":[{"name":"wp","href":"https:\/\/api.w.org\/{rel}","templated":true}]}}