{"id":1808,"date":"2025-10-13T22:33:21","date_gmt":"2025-10-14T01:33:21","guid":{"rendered":"https:\/\/fedablio.com.br\/loja\/?post_type=product&#038;p=1808"},"modified":"2025-12-02T12:30:00","modified_gmt":"2025-12-02T15:30:00","slug":"adaptador-usb-tipo-c-para-dip-4-pinos","status":"publish","type":"product","link":"https:\/\/fedablio.com.br\/loja\/produto\/adaptador-usb-tipo-c-para-dip-4-pinos\/","title":{"rendered":"Adaptador USB Tipo C para DIP 4 Pinos"},"content":{"rendered":"<p><strong>Adicione facilmente uma porta USB Tipo C aos seus projetos eletr\u00f4nicos com este adaptador USB-C para DIP 4 pinos! Perfeito para protoboards, m\u00f3dulos de alimenta\u00e7\u00e3o e circuitos com microcontroladores, ele simplifica a conex\u00e3o de energia e dados sem necessidade de soldagem fina.<\/strong><\/p>\n<p>Conector: USB Tipo C F\u00eamea<br \/>\nSa\u00edda: 4 pinos em padr\u00e3o DIP (2,54 mm) \u2014 VCC, GND, D+, D-<br \/>\nCompat\u00edvel com protoboard padr\u00e3o 2,54 mm<br \/>\nFacilita a integra\u00e7\u00e3o de alimenta\u00e7\u00e3o USB 5V ou comunica\u00e7\u00e3o de dados<br \/>\nCompacto, leve e f\u00e1cil de usar<br \/>\nAdicionar entrada USB-C a projetos com Arduino, ESP32, ESP8266, STM32, Raspberry Pi, etc.<br \/>\nProt\u00f3tipos com alimenta\u00e7\u00e3o via USB-C (5V)<br \/>\nSubstitui\u00e7\u00e3o de portas micro-USB em circuitos existentes<br \/>\nDesenvolvimento e ensino de eletr\u00f4nica<br \/>\nPinos refor\u00e7ados e bem posicionados<br \/>\nPlug and play em protoboard<br \/>\nExcelente qualidade de soldagem e durabilidade<br \/>\nCompat\u00edvel com qualquer cabo USB Tipo C padr\u00e3o<\/p>\n<p><strong>Peso e tamanho (embalagem de entrega)<\/strong><\/p>\n<ul>\n<li>0,030 kg (30 gr)<\/li>\n<li>16 \u00d7 10 \u00d7 3 cm<\/li>\n<\/ul>\n","protected":false},"excerpt":{"rendered":"<p>Adicione facilmente uma porta USB Tipo C aos seus projetos eletr\u00f4nicos com este adaptador USB-C para DIP 4 pinos! Perfeito para protoboards, m\u00f3dulos de alimenta\u00e7\u00e3o e circuitos com microcontroladores, ele simplifica a conex\u00e3o de energia e dados sem necessidade de soldagem fina. Conector: USB Tipo C F\u00eamea Sa\u00edda: 4 pinos em padr\u00e3o DIP (2,54 mm) [&hellip;]<\/p>\n","protected":false},"featured_media":1803,"comment_status":"open","ping_status":"closed","template":"","meta":{"site-sidebar-layout":"default","site-content-layout":"","ast-site-content-layout":"default","site-content-style":"default","site-sidebar-style":"default","ast-global-header-display":"","ast-banner-title-visibility":"","ast-main-header-display":"","ast-hfb-above-header-display":"","ast-hfb-below-header-display":"","ast-hfb-mobile-header-display":"","site-post-title":"","ast-breadcrumbs-content":"","ast-featured-img":"","footer-sml-layout":"","theme-transparent-header-meta":"default","adv-header-id-meta":"","stick-header-meta":"","header-above-stick-meta":"","header-main-stick-meta":"","header-below-stick-meta":"","astra-migrate-meta-layouts":"set","ast-page-background-enabled":"default","ast-page-background-meta":{"desktop":{"background-color":"var(--ast-global-color-4)","background-image":"","background-repeat":"repeat","background-position":"center center","background-size":"auto","background-attachment":"scroll","background-type":"","background-media":"","overlay-type":"","overlay-color":"","overlay-opacity":"","overlay-gradient":""},"tablet":{"background-color":"","background-image":"","background-repeat":"repeat","background-position":"center center","background-size":"auto","background-attachment":"scroll","background-type":"","background-media":"","overlay-type":"","overlay-color":"","overlay-opacity":"","overlay-gradient":""},"mobile":{"background-color":"","background-image":"","background-repeat":"repeat","background-position":"center center","background-size":"auto","background-attachment":"scroll","background-type":"","background-media":"","overlay-type":"","overlay-color":"","overlay-opacity":"","overlay-gradient":""}},"ast-content-background-meta":{"desktop":{"background-color":"var(--ast-global-color-5)","background-image":"","background-repeat":"repeat","background-position":"center center","background-size":"auto","background-attachment":"scroll","background-type":"","background-media":"","overlay-type":"","overlay-color":"","overlay-opacity":"","overlay-gradient":""},"tablet":{"background-color":"var(--ast-global-color-5)","background-image":"","background-repeat":"repeat","background-position":"center center","background-size":"auto","background-attachment":"scroll","background-type":"","background-media":"","overlay-type":"","overlay-color":"","overlay-opacity":"","overlay-gradient":""},"mobile":{"background-color":"var(--ast-global-color-5)","background-image":"","background-repeat":"repeat","background-position":"center center","background-size":"auto","background-attachment":"scroll","background-type":"","background-media":"","overlay-type":"","overlay-color":"","overlay-opacity":"","overlay-gradient":""}}},"product_brand":[193],"product_cat":[121],"product_tag":[206],"class_list":{"0":"post-1808","1":"product","2":"type-product","3":"status-publish","4":"has-post-thumbnail","6":"product_brand-smd","7":"product_cat-adaptador","8":"product_tag-usb-c-para-dip","9":"desktop-align-center","10":"tablet-align-left","11":"mobile-align-left","13":"first","14":"instock","15":"taxable","16":"shipping-taxable","17":"product-type-simple"},"_links":{"self":[{"href":"https:\/\/fedablio.com.br\/loja\/wp-json\/wp\/v2\/product\/1808","targetHints":{"allow":["GET"]}}],"collection":[{"href":"https:\/\/fedablio.com.br\/loja\/wp-json\/wp\/v2\/product"}],"about":[{"href":"https:\/\/fedablio.com.br\/loja\/wp-json\/wp\/v2\/types\/product"}],"replies":[{"embeddable":true,"href":"https:\/\/fedablio.com.br\/loja\/wp-json\/wp\/v2\/comments?post=1808"}],"wp:featuredmedia":[{"embeddable":true,"href":"https:\/\/fedablio.com.br\/loja\/wp-json\/wp\/v2\/media\/1803"}],"wp:attachment":[{"href":"https:\/\/fedablio.com.br\/loja\/wp-json\/wp\/v2\/media?parent=1808"}],"wp:term":[{"taxonomy":"product_brand","embeddable":true,"href":"https:\/\/fedablio.com.br\/loja\/wp-json\/wp\/v2\/product_brand?post=1808"},{"taxonomy":"product_cat","embeddable":true,"href":"https:\/\/fedablio.com.br\/loja\/wp-json\/wp\/v2\/product_cat?post=1808"},{"taxonomy":"product_tag","embeddable":true,"href":"https:\/\/fedablio.com.br\/loja\/wp-json\/wp\/v2\/product_tag?post=1808"}],"curies":[{"name":"wp","href":"https:\/\/api.w.org\/{rel}","templated":true}]}}