{"id":1854,"date":"2025-12-06T11:16:19","date_gmt":"2025-12-06T14:16:19","guid":{"rendered":"https:\/\/fedablio.com.br\/loja\/?post_type=product&#038;p=1854"},"modified":"2025-12-06T11:16:19","modified_gmt":"2025-12-06T14:16:19","slug":"shield-de-expansao-para-arduino-nano","status":"publish","type":"product","link":"https:\/\/fedablio.com.br\/loja\/produto\/shield-de-expansao-para-arduino-nano\/","title":{"rendered":"Shield de Expans\u00e3o para Arduino Nano"},"content":{"rendered":"<p><strong>O Shield de Expans\u00e3o para Arduino Nano V3.0 \u00e9 o acess\u00f3rio ideal para quem deseja ampliar facilmente as possibilidades de conex\u00e3o do seu projeto. Projetado para encaixar perfeitamente no Arduino Nano, este m\u00f3dulo adaptador reorganiza e distribui todos os pinos da placa em terminais com conectores macho, facilitando o uso com jumpers, sensores, m\u00f3dulos e prot\u00f3tipos eletr\u00f4nicos. <\/strong><\/p>\n<p>Se voc\u00ea precisa tornar o seu Arduino Nano mais vers\u00e1til, organizado e simples de conectar, este Shield de Expans\u00e3o \u00e9 a solu\u00e7\u00e3o perfeita. Praticidade, compatibilidade e efici\u00eancia em um \u00fanico m\u00f3dulo. Com uma disposi\u00e7\u00e3o pr\u00e1tica e organizada, o shield transforma o Nano em uma plataforma muito mais acess\u00edvel para testes, prototipagem e projetos finais. Al\u00e9m disso, conta com entrada de alimenta\u00e7\u00e3o dedicada, permitindo energizar seu circuito de maneira segura e est\u00e1vel.<\/p>\n<p>Compat\u00edvel com Arduino Nano V3.0 e vers\u00f5es similares<br \/>\nExpans\u00e3o completa dos pinos digitais, anal\u00f3gicos, alimenta\u00e7\u00e3o e comunica\u00e7\u00e3o<br \/>\nConectores organizados com pinos dourados (male pin headers)<br \/>\nEntrada de alimenta\u00e7\u00e3o via DC jack, garantindo maior praticidade<br \/>\nIdeal para prot\u00f3tipos, desenvolvimento e projetos did\u00e1ticos<br \/>\nFacilita o acesso a todos os pinos do Nano sem solda adicional<br \/>\nEstrutura robusta e excelente qualidade de constru\u00e7\u00e3o<\/p>\n<p><strong>Peso e tamanho (embalagem de entrega &#8211; envelope preto\/pl\u00e1stico bolha)<\/strong><\/p>\n<ul>\n<li>0,040 kg (40 gr)<\/li>\n<li>24 \u00d7 21 \u00d7 1,5 cm<\/li>\n<\/ul>\n","protected":false},"excerpt":{"rendered":"<p>O Shield de Expans\u00e3o para Arduino Nano V3.0 \u00e9 o acess\u00f3rio ideal para quem deseja ampliar facilmente as possibilidades de conex\u00e3o do seu projeto. Projetado para encaixar perfeitamente no Arduino Nano, este m\u00f3dulo adaptador reorganiza e distribui todos os pinos da placa em terminais com conectores macho, facilitando o uso com jumpers, sensores, m\u00f3dulos e [&hellip;]<\/p>\n","protected":false},"featured_media":1856,"comment_status":"open","ping_status":"closed","template":"","meta":{"site-sidebar-layout":"default","site-content-layout":"","ast-site-content-layout":"default","site-content-style":"default","site-sidebar-style":"default","ast-global-header-display":"","ast-banner-title-visibility":"","ast-main-header-display":"","ast-hfb-above-header-display":"","ast-hfb-below-header-display":"","ast-hfb-mobile-header-display":"","site-post-title":"","ast-breadcrumbs-content":"","ast-featured-img":"","footer-sml-layout":"","theme-transparent-header-meta":"default","adv-header-id-meta":"","stick-header-meta":"","header-above-stick-meta":"","header-main-stick-meta":"","header-below-stick-meta":"","astra-migrate-meta-layouts":"set","ast-page-background-enabled":"default","ast-page-background-meta":{"desktop":{"background-color":"var(--ast-global-color-4)","background-image":"","background-repeat":"repeat","background-position":"center center","background-size":"auto","background-attachment":"scroll","background-type":"","background-media":"","overlay-type":"","overlay-color":"","overlay-opacity":"","overlay-gradient":""},"tablet":{"background-color":"","background-image":"","background-repeat":"repeat","background-position":"center center","background-size":"auto","background-attachment":"scroll","background-type":"","background-media":"","overlay-type":"","overlay-color":"","overlay-opacity":"","overlay-gradient":""},"mobile":{"background-color":"","background-image":"","background-repeat":"repeat","background-position":"center center","background-size":"auto","background-attachment":"scroll","background-type":"","background-media":"","overlay-type":"","overlay-color":"","overlay-opacity":"","overlay-gradient":""}},"ast-content-background-meta":{"desktop":{"background-color":"var(--ast-global-color-5)","background-image":"","background-repeat":"repeat","background-position":"center center","background-size":"auto","background-attachment":"scroll","background-type":"","background-media":"","overlay-type":"","overlay-color":"","overlay-opacity":"","overlay-gradient":""},"tablet":{"background-color":"var(--ast-global-color-5)","background-image":"","background-repeat":"repeat","background-position":"center center","background-size":"auto","background-attachment":"scroll","background-type":"","background-media":"","overlay-type":"","overlay-color":"","overlay-opacity":"","overlay-gradient":""},"mobile":{"background-color":"var(--ast-global-color-5)","background-image":"","background-repeat":"repeat","background-position":"center center","background-size":"auto","background-attachment":"scroll","background-type":"","background-media":"","overlay-type":"","overlay-color":"","overlay-opacity":"","overlay-gradient":""}}},"product_brand":[],"product_cat":[112],"product_tag":[210],"class_list":{"0":"post-1854","1":"product","2":"type-product","3":"status-publish","4":"has-post-thumbnail","6":"product_cat-modulo","7":"product_tag-placa-expansao-arduino","8":"desktop-align-center","9":"tablet-align-left","10":"mobile-align-left","12":"first","13":"instock","14":"taxable","15":"shipping-taxable","16":"product-type-simple"},"_links":{"self":[{"href":"https:\/\/fedablio.com.br\/loja\/wp-json\/wp\/v2\/product\/1854","targetHints":{"allow":["GET"]}}],"collection":[{"href":"https:\/\/fedablio.com.br\/loja\/wp-json\/wp\/v2\/product"}],"about":[{"href":"https:\/\/fedablio.com.br\/loja\/wp-json\/wp\/v2\/types\/product"}],"replies":[{"embeddable":true,"href":"https:\/\/fedablio.com.br\/loja\/wp-json\/wp\/v2\/comments?post=1854"}],"wp:featuredmedia":[{"embeddable":true,"href":"https:\/\/fedablio.com.br\/loja\/wp-json\/wp\/v2\/media\/1856"}],"wp:attachment":[{"href":"https:\/\/fedablio.com.br\/loja\/wp-json\/wp\/v2\/media?parent=1854"}],"wp:term":[{"taxonomy":"product_brand","embeddable":true,"href":"https:\/\/fedablio.com.br\/loja\/wp-json\/wp\/v2\/product_brand?post=1854"},{"taxonomy":"product_cat","embeddable":true,"href":"https:\/\/fedablio.com.br\/loja\/wp-json\/wp\/v2\/product_cat?post=1854"},{"taxonomy":"product_tag","embeddable":true,"href":"https:\/\/fedablio.com.br\/loja\/wp-json\/wp\/v2\/product_tag?post=1854"}],"curies":[{"name":"wp","href":"https:\/\/api.w.org\/{rel}","templated":true}]}}