{"id":1934,"date":"2026-02-24T17:06:43","date_gmt":"2026-02-24T20:06:43","guid":{"rendered":"https:\/\/fedablio.com.br\/loja\/?post_type=product&#038;p=1934"},"modified":"2026-02-27T10:35:15","modified_gmt":"2026-02-27T13:35:15","slug":"arduino-nano-v3-0-com-ch340g","status":"publish","type":"product","link":"https:\/\/fedablio.com.br\/loja\/produto\/arduino-nano-v3-0-com-ch340g\/","title":{"rendered":"Arduino Nano v3.0 com CH340G"},"content":{"rendered":"<p><strong>O Arduino Nano com CH340G \u00e9 a escolha perfeita para quem busca um microcontrolador compacto, vers\u00e1til e de excelente custo-benef\u00edcio. Ideal para projetos com Arduino, automa\u00e7\u00e3o, rob\u00f3tica, IoT, estudos e prototipagem em geral.<\/strong><\/p>\n<p>Microcontrolador: ATmega328P<br \/>\nChip USB: CH340G<br \/>\nTens\u00e3o de opera\u00e7\u00e3o: 5V<br \/>\nTens\u00e3o de entrada recomendada: 7\u201312V<br \/>\n14 pinos digitais (6 com PWM)<br \/>\n8 entradas anal\u00f3gicas<br \/>\nMem\u00f3ria Flash: 32KB<br \/>\nClock: 16MHz<br \/>\nConex\u00e3o: Mini USB<br \/>\nCompat\u00edvel com IDE Arduino<\/p>\n<p>Tamanho compacto \u2013 Ideal para projetos onde o espa\u00e7o \u00e9 reduzido.<br \/>\nF\u00e1cil conex\u00e3o USB \u2013 Programa\u00e7\u00e3o simples e r\u00e1pida.<br \/>\nCompat\u00edvel com diversos sensores, m\u00f3dulos e shields.<\/p>\n<p><strong>Peso e tamanho (embalagem de entrega)<\/strong><\/p>\n<ul>\n<li>0,035 kg (35 gr)<\/li>\n<li>03 x 10 x 16<\/li>\n<\/ul>\n","protected":false},"excerpt":{"rendered":"<p>O Arduino Nano com CH340G \u00e9 a escolha perfeita para quem busca um microcontrolador compacto, vers\u00e1til e de excelente custo-benef\u00edcio. Ideal para projetos com Arduino, automa\u00e7\u00e3o, rob\u00f3tica, IoT, estudos e prototipagem em geral. Microcontrolador: ATmega328P Chip USB: CH340G Tens\u00e3o de opera\u00e7\u00e3o: 5V Tens\u00e3o de entrada recomendada: 7\u201312V 14 pinos digitais (6 com PWM) 8 entradas [&hellip;]<\/p>\n","protected":false},"featured_media":1929,"comment_status":"open","ping_status":"closed","template":"","meta":{"site-sidebar-layout":"default","site-content-layout":"","ast-site-content-layout":"default","site-content-style":"default","site-sidebar-style":"default","ast-global-header-display":"","ast-banner-title-visibility":"","ast-main-header-display":"","ast-hfb-above-header-display":"","ast-hfb-below-header-display":"","ast-hfb-mobile-header-display":"","site-post-title":"","ast-breadcrumbs-content":"","ast-featured-img":"","footer-sml-layout":"","theme-transparent-header-meta":"default","adv-header-id-meta":"","stick-header-meta":"","header-above-stick-meta":"","header-main-stick-meta":"","header-below-stick-meta":"","astra-migrate-meta-layouts":"set","ast-page-background-enabled":"default","ast-page-background-meta":{"desktop":{"background-color":"var(--ast-global-color-4)","background-image":"","background-repeat":"repeat","background-position":"center center","background-size":"auto","background-attachment":"scroll","background-type":"","background-media":"","overlay-type":"","overlay-color":"","overlay-opacity":"","overlay-gradient":""},"tablet":{"background-color":"","background-image":"","background-repeat":"repeat","background-position":"center center","background-size":"auto","background-attachment":"scroll","background-type":"","background-media":"","overlay-type":"","overlay-color":"","overlay-opacity":"","overlay-gradient":""},"mobile":{"background-color":"","background-image":"","background-repeat":"repeat","background-position":"center center","background-size":"auto","background-attachment":"scroll","background-type":"","background-media":"","overlay-type":"","overlay-color":"","overlay-opacity":"","overlay-gradient":""}},"ast-content-background-meta":{"desktop":{"background-color":"var(--ast-global-color-5)","background-image":"","background-repeat":"repeat","background-position":"center center","background-size":"auto","background-attachment":"scroll","background-type":"","background-media":"","overlay-type":"","overlay-color":"","overlay-opacity":"","overlay-gradient":""},"tablet":{"background-color":"var(--ast-global-color-5)","background-image":"","background-repeat":"repeat","background-position":"center center","background-size":"auto","background-attachment":"scroll","background-type":"","background-media":"","overlay-type":"","overlay-color":"","overlay-opacity":"","overlay-gradient":""},"mobile":{"background-color":"var(--ast-global-color-5)","background-image":"","background-repeat":"repeat","background-position":"center center","background-size":"auto","background-attachment":"scroll","background-type":"","background-media":"","overlay-type":"","overlay-color":"","overlay-opacity":"","overlay-gradient":""}}},"product_brand":[],"product_cat":[212],"product_tag":[221],"class_list":{"0":"post-1934","1":"product","2":"type-product","3":"status-publish","4":"has-post-thumbnail","6":"product_cat-arduino","7":"product_tag-arduino-nano","8":"desktop-align-center","9":"tablet-align-left","10":"mobile-align-left","12":"first","13":"instock","14":"taxable","15":"shipping-taxable","16":"product-type-simple"},"_links":{"self":[{"href":"https:\/\/fedablio.com.br\/loja\/wp-json\/wp\/v2\/product\/1934","targetHints":{"allow":["GET"]}}],"collection":[{"href":"https:\/\/fedablio.com.br\/loja\/wp-json\/wp\/v2\/product"}],"about":[{"href":"https:\/\/fedablio.com.br\/loja\/wp-json\/wp\/v2\/types\/product"}],"replies":[{"embeddable":true,"href":"https:\/\/fedablio.com.br\/loja\/wp-json\/wp\/v2\/comments?post=1934"}],"wp:featuredmedia":[{"embeddable":true,"href":"https:\/\/fedablio.com.br\/loja\/wp-json\/wp\/v2\/media\/1929"}],"wp:attachment":[{"href":"https:\/\/fedablio.com.br\/loja\/wp-json\/wp\/v2\/media?parent=1934"}],"wp:term":[{"taxonomy":"product_brand","embeddable":true,"href":"https:\/\/fedablio.com.br\/loja\/wp-json\/wp\/v2\/product_brand?post=1934"},{"taxonomy":"product_cat","embeddable":true,"href":"https:\/\/fedablio.com.br\/loja\/wp-json\/wp\/v2\/product_cat?post=1934"},{"taxonomy":"product_tag","embeddable":true,"href":"https:\/\/fedablio.com.br\/loja\/wp-json\/wp\/v2\/product_tag?post=1934"}],"curies":[{"name":"wp","href":"https:\/\/api.w.org\/{rel}","templated":true}]}}