{"id":1959,"date":"2026-02-24T17:43:17","date_gmt":"2026-02-24T20:43:17","guid":{"rendered":"https:\/\/fedablio.com.br\/loja\/?post_type=product&#038;p=1959"},"modified":"2026-02-27T10:34:30","modified_gmt":"2026-02-27T13:34:30","slug":"ponte-h-l293d","status":"publish","type":"product","link":"https:\/\/fedablio.com.br\/loja\/produto\/ponte-h-l293d\/","title":{"rendered":"Ponte H L293D"},"content":{"rendered":"<p><strong>A Ponte H L293D \u00e9 um driver de motor amplamente utilizado para controlar motores DC e motores de passo em projetos com Arduino, ESP32, PIC e outros microcontroladores. Ideal para rob\u00f3tica, carrinhos controlados, automa\u00e7\u00e3o e prototipagem eletr\u00f4nica. Permite controlar sentido de rota\u00e7\u00e3o (hor\u00e1rio e anti-hor\u00e1rio), controle de velocidade via PWM, f\u00e1cil integra\u00e7\u00e3o com Arduino, excelente custo-benef\u00edcio e muito utilizado em projetos did\u00e1ticos<\/strong><\/p>\n<p>CI: L293D<br \/>\nControle de at\u00e9 2 motores DC ou 1 motor de passo<br \/>\nTens\u00e3o l\u00f3gica: 5V<br \/>\nTens\u00e3o para motores: 4,5V a 36V<br \/>\nCorrente por canal: at\u00e9 600mA<br \/>\nProte\u00e7\u00e3o interna contra sobretens\u00e3o (diodos internos)<br \/>\nEncapsulamento DIP-16 (f\u00e1cil de usar em protoboard)<\/p>\n<p><strong>Peso e tamanho (embalagem de entrega)<\/strong><\/p>\n<ul>\n<li>30 gr<\/li>\n<li>03 x 10 x 16<\/li>\n<\/ul>\n","protected":false},"excerpt":{"rendered":"<p>A Ponte H L293D \u00e9 um driver de motor amplamente utilizado para controlar motores DC e motores de passo em projetos com Arduino, ESP32, PIC e outros microcontroladores. Ideal para rob\u00f3tica, carrinhos controlados, automa\u00e7\u00e3o e prototipagem eletr\u00f4nica. Permite controlar sentido de rota\u00e7\u00e3o (hor\u00e1rio e anti-hor\u00e1rio), controle de velocidade via PWM, f\u00e1cil integra\u00e7\u00e3o com Arduino, excelente [&hellip;]<\/p>\n","protected":false},"featured_media":1954,"comment_status":"open","ping_status":"closed","template":"","meta":{"site-sidebar-layout":"default","site-content-layout":"","ast-site-content-layout":"default","site-content-style":"default","site-sidebar-style":"default","ast-global-header-display":"","ast-banner-title-visibility":"","ast-main-header-display":"","ast-hfb-above-header-display":"","ast-hfb-below-header-display":"","ast-hfb-mobile-header-display":"","site-post-title":"","ast-breadcrumbs-content":"","ast-featured-img":"","footer-sml-layout":"","theme-transparent-header-meta":"default","adv-header-id-meta":"","stick-header-meta":"","header-above-stick-meta":"","header-main-stick-meta":"","header-below-stick-meta":"","astra-migrate-meta-layouts":"set","ast-page-background-enabled":"default","ast-page-background-meta":{"desktop":{"background-color":"var(--ast-global-color-4)","background-image":"","background-repeat":"repeat","background-position":"center center","background-size":"auto","background-attachment":"scroll","background-type":"","background-media":"","overlay-type":"","overlay-color":"","overlay-opacity":"","overlay-gradient":""},"tablet":{"background-color":"","background-image":"","background-repeat":"repeat","background-position":"center center","background-size":"auto","background-attachment":"scroll","background-type":"","background-media":"","overlay-type":"","overlay-color":"","overlay-opacity":"","overlay-gradient":""},"mobile":{"background-color":"","background-image":"","background-repeat":"repeat","background-position":"center center","background-size":"auto","background-attachment":"scroll","background-type":"","background-media":"","overlay-type":"","overlay-color":"","overlay-opacity":"","overlay-gradient":""}},"ast-content-background-meta":{"desktop":{"background-color":"var(--ast-global-color-5)","background-image":"","background-repeat":"repeat","background-position":"center center","background-size":"auto","background-attachment":"scroll","background-type":"","background-media":"","overlay-type":"","overlay-color":"","overlay-opacity":"","overlay-gradient":""},"tablet":{"background-color":"var(--ast-global-color-5)","background-image":"","background-repeat":"repeat","background-position":"center center","background-size":"auto","background-attachment":"scroll","background-type":"","background-media":"","overlay-type":"","overlay-color":"","overlay-opacity":"","overlay-gradient":""},"mobile":{"background-color":"var(--ast-global-color-5)","background-image":"","background-repeat":"repeat","background-position":"center center","background-size":"auto","background-attachment":"scroll","background-type":"","background-media":"","overlay-type":"","overlay-color":"","overlay-opacity":"","overlay-gradient":""}}},"product_brand":[],"product_cat":[202],"product_tag":[218],"class_list":{"0":"post-1959","1":"product","2":"type-product","3":"status-publish","4":"has-post-thumbnail","6":"product_cat-microcontrolador","7":"product_tag-ponte-h","8":"desktop-align-center","9":"tablet-align-left","10":"mobile-align-left","12":"first","13":"instock","14":"taxable","15":"shipping-taxable","16":"product-type-simple"},"_links":{"self":[{"href":"https:\/\/fedablio.com.br\/loja\/wp-json\/wp\/v2\/product\/1959","targetHints":{"allow":["GET"]}}],"collection":[{"href":"https:\/\/fedablio.com.br\/loja\/wp-json\/wp\/v2\/product"}],"about":[{"href":"https:\/\/fedablio.com.br\/loja\/wp-json\/wp\/v2\/types\/product"}],"replies":[{"embeddable":true,"href":"https:\/\/fedablio.com.br\/loja\/wp-json\/wp\/v2\/comments?post=1959"}],"wp:featuredmedia":[{"embeddable":true,"href":"https:\/\/fedablio.com.br\/loja\/wp-json\/wp\/v2\/media\/1954"}],"wp:attachment":[{"href":"https:\/\/fedablio.com.br\/loja\/wp-json\/wp\/v2\/media?parent=1959"}],"wp:term":[{"taxonomy":"product_brand","embeddable":true,"href":"https:\/\/fedablio.com.br\/loja\/wp-json\/wp\/v2\/product_brand?post=1959"},{"taxonomy":"product_cat","embeddable":true,"href":"https:\/\/fedablio.com.br\/loja\/wp-json\/wp\/v2\/product_cat?post=1959"},{"taxonomy":"product_tag","embeddable":true,"href":"https:\/\/fedablio.com.br\/loja\/wp-json\/wp\/v2\/product_tag?post=1959"}],"curies":[{"name":"wp","href":"https:\/\/api.w.org\/{rel}","templated":true}]}}