{"id":1973,"date":"2026-02-24T17:59:03","date_gmt":"2026-02-24T20:59:03","guid":{"rendered":"https:\/\/fedablio.com.br\/loja\/?post_type=product&#038;p=1973"},"modified":"2026-02-27T10:34:02","modified_gmt":"2026-02-27T13:34:02","slug":"modulo-detector-de-chuva-para-arduino","status":"publish","type":"product","link":"https:\/\/fedablio.com.br\/loja\/produto\/modulo-detector-de-chuva-para-arduino\/","title":{"rendered":"M\u00f3dulo detector de chuva para Arduino"},"content":{"rendered":"<p><strong>O M\u00f3dulo Sensor de Chuva para Arduino \u00e9 ideal para projetos que precisam detectar presen\u00e7a de \u00e1gua, gotas de chuva ou n\u00edvel de umidade em superf\u00edcies. Muito utilizado em automa\u00e7\u00e3o, esta\u00e7\u00f5es meteorol\u00f3gicas, sistemas de irriga\u00e7\u00e3o autom\u00e1tica e projetos educacionais. Quando gotas de \u00e1gua entram em contato com a placa sensor, a resist\u00eancia entre as trilhas diminui, permitindo detectar a presen\u00e7a de chuva.<\/strong><br \/>\n<strong>A sa\u00edda anal\u00f3gica permite medir o n\u00edvel de umidade, enquanto a sa\u00edda digital pode ser usada como alerta (ligado\/desligado). Compat\u00edvel com: Arduino (Uno, Nano, Mega), ESP8266 \/ ESP32, Raspberry Pi. Pode ser usado em sistemas autom\u00e1ticos para fechar janelas, rob\u00f4s seguidores de clima, esta\u00e7\u00f5es meteorol\u00f3gicas, irriga\u00e7\u00e3o inteligente ou outros Projetos escolares e did\u00e1ticos<\/strong><\/p>\n<p>Tens\u00e3o de opera\u00e7\u00e3o: 3,3V a 5V<br \/>\nSa\u00edda digital (DO)<br \/>\nSa\u00edda anal\u00f3gica (AO)<br \/>\nComparador LM393 integrado<br \/>\nSensibilidade ajust\u00e1vel via potenci\u00f4metro<br \/>\nPlaca sensor com trilhas condutivas para detec\u00e7\u00e3o de \u00e1gua<\/p>\n<p><strong>Peso e tamanho (embalagem de entrega)<\/strong><\/p>\n<ul>\n<li>40 gr<\/li>\n<li>03 x 10 x 16<\/li>\n<\/ul>\n","protected":false},"excerpt":{"rendered":"<p>O M\u00f3dulo Sensor de Chuva para Arduino \u00e9 ideal para projetos que precisam detectar presen\u00e7a de \u00e1gua, gotas de chuva ou n\u00edvel de umidade em superf\u00edcies. Muito utilizado em automa\u00e7\u00e3o, esta\u00e7\u00f5es meteorol\u00f3gicas, sistemas de irriga\u00e7\u00e3o autom\u00e1tica e projetos educacionais. Quando gotas de \u00e1gua entram em contato com a placa sensor, a resist\u00eancia entre as trilhas [&hellip;]<\/p>\n","protected":false},"featured_media":1967,"comment_status":"open","ping_status":"closed","template":"","meta":{"site-sidebar-layout":"default","site-content-layout":"","ast-site-content-layout":"default","site-content-style":"default","site-sidebar-style":"default","ast-global-header-display":"","ast-banner-title-visibility":"","ast-main-header-display":"","ast-hfb-above-header-display":"","ast-hfb-below-header-display":"","ast-hfb-mobile-header-display":"","site-post-title":"","ast-breadcrumbs-content":"","ast-featured-img":"","footer-sml-layout":"","theme-transparent-header-meta":"default","adv-header-id-meta":"","stick-header-meta":"","header-above-stick-meta":"","header-main-stick-meta":"","header-below-stick-meta":"","astra-migrate-meta-layouts":"set","ast-page-background-enabled":"default","ast-page-background-meta":{"desktop":{"background-color":"var(--ast-global-color-4)","background-image":"","background-repeat":"repeat","background-position":"center center","background-size":"auto","background-attachment":"scroll","background-type":"","background-media":"","overlay-type":"","overlay-color":"","overlay-opacity":"","overlay-gradient":""},"tablet":{"background-color":"","background-image":"","background-repeat":"repeat","background-position":"center center","background-size":"auto","background-attachment":"scroll","background-type":"","background-media":"","overlay-type":"","overlay-color":"","overlay-opacity":"","overlay-gradient":""},"mobile":{"background-color":"","background-image":"","background-repeat":"repeat","background-position":"center center","background-size":"auto","background-attachment":"scroll","background-type":"","background-media":"","overlay-type":"","overlay-color":"","overlay-opacity":"","overlay-gradient":""}},"ast-content-background-meta":{"desktop":{"background-color":"var(--ast-global-color-5)","background-image":"","background-repeat":"repeat","background-position":"center center","background-size":"auto","background-attachment":"scroll","background-type":"","background-media":"","overlay-type":"","overlay-color":"","overlay-opacity":"","overlay-gradient":""},"tablet":{"background-color":"var(--ast-global-color-5)","background-image":"","background-repeat":"repeat","background-position":"center center","background-size":"auto","background-attachment":"scroll","background-type":"","background-media":"","overlay-type":"","overlay-color":"","overlay-opacity":"","overlay-gradient":""},"mobile":{"background-color":"var(--ast-global-color-5)","background-image":"","background-repeat":"repeat","background-position":"center center","background-size":"auto","background-attachment":"scroll","background-type":"","background-media":"","overlay-type":"","overlay-color":"","overlay-opacity":"","overlay-gradient":""}}},"product_brand":[],"product_cat":[112],"product_tag":[216],"class_list":{"0":"post-1973","1":"product","2":"type-product","3":"status-publish","4":"has-post-thumbnail","6":"product_cat-modulo","7":"product_tag-modulo-arduino","8":"desktop-align-center","9":"tablet-align-left","10":"mobile-align-left","12":"first","13":"instock","14":"taxable","15":"shipping-taxable","16":"product-type-simple"},"_links":{"self":[{"href":"https:\/\/fedablio.com.br\/loja\/wp-json\/wp\/v2\/product\/1973","targetHints":{"allow":["GET"]}}],"collection":[{"href":"https:\/\/fedablio.com.br\/loja\/wp-json\/wp\/v2\/product"}],"about":[{"href":"https:\/\/fedablio.com.br\/loja\/wp-json\/wp\/v2\/types\/product"}],"replies":[{"embeddable":true,"href":"https:\/\/fedablio.com.br\/loja\/wp-json\/wp\/v2\/comments?post=1973"}],"wp:featuredmedia":[{"embeddable":true,"href":"https:\/\/fedablio.com.br\/loja\/wp-json\/wp\/v2\/media\/1967"}],"wp:attachment":[{"href":"https:\/\/fedablio.com.br\/loja\/wp-json\/wp\/v2\/media?parent=1973"}],"wp:term":[{"taxonomy":"product_brand","embeddable":true,"href":"https:\/\/fedablio.com.br\/loja\/wp-json\/wp\/v2\/product_brand?post=1973"},{"taxonomy":"product_cat","embeddable":true,"href":"https:\/\/fedablio.com.br\/loja\/wp-json\/wp\/v2\/product_cat?post=1973"},{"taxonomy":"product_tag","embeddable":true,"href":"https:\/\/fedablio.com.br\/loja\/wp-json\/wp\/v2\/product_tag?post=1973"}],"curies":[{"name":"wp","href":"https:\/\/api.w.org\/{rel}","templated":true}]}}