{"id":1979,"date":"2026-02-24T18:06:58","date_gmt":"2026-02-24T21:06:58","guid":{"rendered":"https:\/\/fedablio.com.br\/loja\/?post_type=product&#038;p=1979"},"modified":"2026-02-27T10:33:50","modified_gmt":"2026-02-27T13:33:50","slug":"microcontrolador-pic-16f628a","status":"publish","type":"product","link":"https:\/\/fedablio.com.br\/loja\/produto\/microcontrolador-pic-16f628a\/","title":{"rendered":"Microcontrolador PIC 16F628A"},"content":{"rendered":"<p><strong>O PIC 16F628A \u00e9 um microcontrolador de 8 bits amplamente utilizado em projetos eletr\u00f4nicos, automa\u00e7\u00e3o, sistemas embarcados e aplica\u00e7\u00f5es industriais. Compacto, confi\u00e1vel e com excelente custo-benef\u00edcio, \u00e9 ideal tanto para estudantes quanto para desenvolvedores experientes. Temporizadores internos (Timer0, Timer1, Timer2), Comparadores anal\u00f3gicos integrados, Comunica\u00e7\u00e3o USART, Ideal para automa\u00e7\u00e3o residencial, controle de rel\u00e9s e motores, sistemas embarcados, projetos did\u00e1ticos<\/strong><\/p>\n<p>Arquitetura: 8 bits<br \/>\nMem\u00f3ria Flash: 2KB<br \/>\nMem\u00f3ria RAM: 224 bytes<br \/>\nEEPROM: 128 bytes<br \/>\nClock interno de at\u00e9 4MHz (dispensa cristal externo em muitos projetos)<br \/>\n16 pinos (DIP-18)<br \/>\nAt\u00e9 16 pinos de I\/O program\u00e1veis<br \/>\nOscilador interno (reduz componentes externos)<br \/>\nBaixo consumo de energia<br \/>\nAlta confiabilidade<br \/>\nF\u00e1cil programa\u00e7\u00e3o<br \/>\nMuito utilizado em projetos cl\u00e1ssicos de eletr\u00f4nica<\/p>\n<p><strong>Peso e tamanho (embalagem de entrega)<\/strong><\/p>\n<ul>\n<li>30 gr<\/li>\n<li>03 x 10 x 16<\/li>\n<\/ul>\n","protected":false},"excerpt":{"rendered":"<p>O PIC 16F628A \u00e9 um microcontrolador de 8 bits amplamente utilizado em projetos eletr\u00f4nicos, automa\u00e7\u00e3o, sistemas embarcados e aplica\u00e7\u00f5es industriais. Compacto, confi\u00e1vel e com excelente custo-benef\u00edcio, \u00e9 ideal tanto para estudantes quanto para desenvolvedores experientes. Temporizadores internos (Timer0, Timer1, Timer2), Comparadores anal\u00f3gicos integrados, Comunica\u00e7\u00e3o USART, Ideal para automa\u00e7\u00e3o residencial, controle de rel\u00e9s e motores, sistemas [&hellip;]<\/p>\n","protected":false},"featured_media":1974,"comment_status":"open","ping_status":"closed","template":"","meta":{"site-sidebar-layout":"default","site-content-layout":"","ast-site-content-layout":"default","site-content-style":"default","site-sidebar-style":"default","ast-global-header-display":"","ast-banner-title-visibility":"","ast-main-header-display":"","ast-hfb-above-header-display":"","ast-hfb-below-header-display":"","ast-hfb-mobile-header-display":"","site-post-title":"","ast-breadcrumbs-content":"","ast-featured-img":"","footer-sml-layout":"","theme-transparent-header-meta":"default","adv-header-id-meta":"","stick-header-meta":"","header-above-stick-meta":"","header-main-stick-meta":"","header-below-stick-meta":"","astra-migrate-meta-layouts":"set","ast-page-background-enabled":"default","ast-page-background-meta":{"desktop":{"background-color":"var(--ast-global-color-4)","background-image":"","background-repeat":"repeat","background-position":"center center","background-size":"auto","background-attachment":"scroll","background-type":"","background-media":"","overlay-type":"","overlay-color":"","overlay-opacity":"","overlay-gradient":""},"tablet":{"background-color":"","background-image":"","background-repeat":"repeat","background-position":"center center","background-size":"auto","background-attachment":"scroll","background-type":"","background-media":"","overlay-type":"","overlay-color":"","overlay-opacity":"","overlay-gradient":""},"mobile":{"background-color":"","background-image":"","background-repeat":"repeat","background-position":"center center","background-size":"auto","background-attachment":"scroll","background-type":"","background-media":"","overlay-type":"","overlay-color":"","overlay-opacity":"","overlay-gradient":""}},"ast-content-background-meta":{"desktop":{"background-color":"var(--ast-global-color-5)","background-image":"","background-repeat":"repeat","background-position":"center center","background-size":"auto","background-attachment":"scroll","background-type":"","background-media":"","overlay-type":"","overlay-color":"","overlay-opacity":"","overlay-gradient":""},"tablet":{"background-color":"var(--ast-global-color-5)","background-image":"","background-repeat":"repeat","background-position":"center center","background-size":"auto","background-attachment":"scroll","background-type":"","background-media":"","overlay-type":"","overlay-color":"","overlay-opacity":"","overlay-gradient":""},"mobile":{"background-color":"var(--ast-global-color-5)","background-image":"","background-repeat":"repeat","background-position":"center center","background-size":"auto","background-attachment":"scroll","background-type":"","background-media":"","overlay-type":"","overlay-color":"","overlay-opacity":"","overlay-gradient":""}}},"product_brand":[],"product_cat":[202],"product_tag":[215],"class_list":{"0":"post-1979","1":"product","2":"type-product","3":"status-publish","4":"has-post-thumbnail","6":"product_cat-microcontrolador","7":"product_tag-pic","8":"desktop-align-center","9":"tablet-align-left","10":"mobile-align-left","12":"first","13":"instock","14":"taxable","15":"shipping-taxable","16":"product-type-simple"},"_links":{"self":[{"href":"https:\/\/fedablio.com.br\/loja\/wp-json\/wp\/v2\/product\/1979","targetHints":{"allow":["GET"]}}],"collection":[{"href":"https:\/\/fedablio.com.br\/loja\/wp-json\/wp\/v2\/product"}],"about":[{"href":"https:\/\/fedablio.com.br\/loja\/wp-json\/wp\/v2\/types\/product"}],"replies":[{"embeddable":true,"href":"https:\/\/fedablio.com.br\/loja\/wp-json\/wp\/v2\/comments?post=1979"}],"wp:featuredmedia":[{"embeddable":true,"href":"https:\/\/fedablio.com.br\/loja\/wp-json\/wp\/v2\/media\/1974"}],"wp:attachment":[{"href":"https:\/\/fedablio.com.br\/loja\/wp-json\/wp\/v2\/media?parent=1979"}],"wp:term":[{"taxonomy":"product_brand","embeddable":true,"href":"https:\/\/fedablio.com.br\/loja\/wp-json\/wp\/v2\/product_brand?post=1979"},{"taxonomy":"product_cat","embeddable":true,"href":"https:\/\/fedablio.com.br\/loja\/wp-json\/wp\/v2\/product_cat?post=1979"},{"taxonomy":"product_tag","embeddable":true,"href":"https:\/\/fedablio.com.br\/loja\/wp-json\/wp\/v2\/product_tag?post=1979"}],"curies":[{"name":"wp","href":"https:\/\/api.w.org\/{rel}","templated":true}]}}