{"id":469,"date":"2025-03-17T21:33:51","date_gmt":"2025-03-18T00:33:51","guid":{"rendered":"https:\/\/fedablio.com.br\/loja\/?post_type=product&#038;p=469"},"modified":"2026-01-30T05:47:49","modified_gmt":"2026-01-30T08:47:49","slug":"relogio-binario-fedablio-bc-2000","status":"publish","type":"product","link":"https:\/\/fedablio.com.br\/loja\/produto\/relogio-binario-fedablio-bc-2000\/","title":{"rendered":"Rel\u00f3gio Bin\u00e1rio Fedablio BC-2000"},"content":{"rendered":"<p><strong>Ficou curioso(a) e quer saber como funciona esse rel\u00f3gio?<\/strong><\/p>\n<p>Basicamente, a primeira e segunda coluna de LEDs, mostram a hora e a terceira e quarta coluna, mostram os minutos. O LED azul (cycle), mostra o ciclo completo de 1 segundo (meio segundo apagado e meio segundo aceso).<\/p>\n<p><strong>Itens necess\u00e1rios, por\u00e9m n\u00e3o inclusos:<\/strong><\/p>\n<ul>\n<li>Fonte 5V x 500 mA (m\u00ednimo) | <strong style=\"color: red;\">N\u00c3O ACOMPANHA O PRODUTO<\/strong><\/li>\n<li>Cabo micro USB | <strong style=\"color: red;\">N\u00c3O ACOMPANHA O PRODUTO<\/strong><\/li>\n<\/ul>\n<p><strong>As cores dos bot\u00f5es CNS, SCN e RESET s\u00e3o sortidas.<\/strong><\/p>\n<p>Admita que \u00e9 um fato bastante peculiar voc\u00ea conseguir ver as horas neste rel\u00f3gio, enquanto as outras pessoas n\u00e3o ir\u00e3o entender nada.<\/p>\n<p><strong>Peso e tamanho (embalagem de entrega)<\/strong><\/p>\n<ul>\n<li>0,365 kg (365 gr)<\/li>\n<li>27 \u00d7 18 \u00d7 8 cm<\/li>\n<\/ul>\n<p><strong>Para mais detalhes, baixe o manual:<\/strong><\/p>\n<p><a href=\"https:\/\/fedablio.com.br\/baixar\/binary-clock.pdf\" target=\"_blank\" rel=\"noopener\">Manual de instru\u00e7\u00f5es BC-2000<\/a><\/p>\n<div style=\"width: 640px;\" class=\"wp-video\"><video class=\"wp-video-shortcode\" id=\"video-469-1\" width=\"640\" height=\"360\" preload=\"metadata\" controls=\"controls\"><source type=\"video\/mp4\" src=\"https:\/\/fedablio.com.br\/loja\/wp-content\/uploads\/2025\/07\/binary-clock-09.mp4?_=1\" \/><a href=\"https:\/\/fedablio.com.br\/loja\/wp-content\/uploads\/2025\/07\/binary-clock-09.mp4\">https:\/\/fedablio.com.br\/loja\/wp-content\/uploads\/2025\/07\/binary-clock-09.mp4<\/a><\/video><\/div>\n","protected":false},"excerpt":{"rendered":"<p>Ficou curioso(a) e quer saber como funciona esse rel\u00f3gio? Basicamente, a primeira e segunda coluna de LEDs, mostram a hora e a terceira e quarta coluna, mostram os minutos. O LED azul (cycle), mostra o ciclo completo de 1 segundo (meio segundo apagado e meio segundo aceso). Itens necess\u00e1rios, por\u00e9m n\u00e3o inclusos: Fonte 5V x [&hellip;]<\/p>\n","protected":false},"featured_media":1623,"comment_status":"open","ping_status":"closed","template":"","meta":{"site-sidebar-layout":"default","site-content-layout":"","ast-site-content-layout":"default","site-content-style":"default","site-sidebar-style":"default","ast-global-header-display":"","ast-banner-title-visibility":"","ast-main-header-display":"","ast-hfb-above-header-display":"","ast-hfb-below-header-display":"","ast-hfb-mobile-header-display":"","site-post-title":"","ast-breadcrumbs-content":"","ast-featured-img":"","footer-sml-layout":"","theme-transparent-header-meta":"default","adv-header-id-meta":"","stick-header-meta":"","header-above-stick-meta":"","header-main-stick-meta":"","header-below-stick-meta":"","astra-migrate-meta-layouts":"set","ast-page-background-enabled":"default","ast-page-background-meta":{"desktop":{"background-color":"var(--ast-global-color-4)","background-image":"","background-repeat":"repeat","background-position":"center center","background-size":"auto","background-attachment":"scroll","background-type":"","background-media":"","overlay-type":"","overlay-color":"","overlay-opacity":"","overlay-gradient":""},"tablet":{"background-color":"","background-image":"","background-repeat":"repeat","background-position":"center center","background-size":"auto","background-attachment":"scroll","background-type":"","background-media":"","overlay-type":"","overlay-color":"","overlay-opacity":"","overlay-gradient":""},"mobile":{"background-color":"","background-image":"","background-repeat":"repeat","background-position":"center center","background-size":"auto","background-attachment":"scroll","background-type":"","background-media":"","overlay-type":"","overlay-color":"","overlay-opacity":"","overlay-gradient":""}},"ast-content-background-meta":{"desktop":{"background-color":"var(--ast-global-color-5)","background-image":"","background-repeat":"repeat","background-position":"center center","background-size":"auto","background-attachment":"scroll","background-type":"","background-media":"","overlay-type":"","overlay-color":"","overlay-opacity":"","overlay-gradient":""},"tablet":{"background-color":"var(--ast-global-color-5)","background-image":"","background-repeat":"repeat","background-position":"center center","background-size":"auto","background-attachment":"scroll","background-type":"","background-media":"","overlay-type":"","overlay-color":"","overlay-opacity":"","overlay-gradient":""},"mobile":{"background-color":"var(--ast-global-color-5)","background-image":"","background-repeat":"repeat","background-position":"center center","background-size":"auto","background-attachment":"scroll","background-type":"","background-media":"","overlay-type":"","overlay-color":"","overlay-opacity":"","overlay-gradient":""}}},"product_brand":[40],"product_cat":[34],"product_tag":[63,62],"class_list":{"0":"post-469","1":"product","2":"type-product","3":"status-publish","4":"has-post-thumbnail","6":"product_brand-fedablio","7":"product_cat-relogio","8":"product_tag-binary-clock","9":"product_tag-relogio-binario","10":"desktop-align-center","11":"tablet-align-left","12":"mobile-align-left","14":"first","15":"instock","16":"taxable","17":"shipping-taxable","18":"product-type-simple"},"_links":{"self":[{"href":"https:\/\/fedablio.com.br\/loja\/wp-json\/wp\/v2\/product\/469","targetHints":{"allow":["GET"]}}],"collection":[{"href":"https:\/\/fedablio.com.br\/loja\/wp-json\/wp\/v2\/product"}],"about":[{"href":"https:\/\/fedablio.com.br\/loja\/wp-json\/wp\/v2\/types\/product"}],"replies":[{"embeddable":true,"href":"https:\/\/fedablio.com.br\/loja\/wp-json\/wp\/v2\/comments?post=469"}],"wp:featuredmedia":[{"embeddable":true,"href":"https:\/\/fedablio.com.br\/loja\/wp-json\/wp\/v2\/media\/1623"}],"wp:attachment":[{"href":"https:\/\/fedablio.com.br\/loja\/wp-json\/wp\/v2\/media?parent=469"}],"wp:term":[{"taxonomy":"product_brand","embeddable":true,"href":"https:\/\/fedablio.com.br\/loja\/wp-json\/wp\/v2\/product_brand?post=469"},{"taxonomy":"product_cat","embeddable":true,"href":"https:\/\/fedablio.com.br\/loja\/wp-json\/wp\/v2\/product_cat?post=469"},{"taxonomy":"product_tag","embeddable":true,"href":"https:\/\/fedablio.com.br\/loja\/wp-json\/wp\/v2\/product_tag?post=469"}],"curies":[{"name":"wp","href":"https:\/\/api.w.org\/{rel}","templated":true}]}}