{"id":509,"date":"2025-03-26T12:36:30","date_gmt":"2025-03-26T15:36:30","guid":{"rendered":"https:\/\/fedablio.com.br\/loja\/?post_type=product&#038;p=509"},"modified":"2025-12-02T12:29:06","modified_gmt":"2025-12-02T15:29:06","slug":"adaptador-micro-usb-femea-para-dip-20-mm","status":"publish","type":"product","link":"https:\/\/fedablio.com.br\/loja\/produto\/adaptador-micro-usb-femea-para-dip-20-mm\/","title":{"rendered":"Adaptador micro USB f\u00eamea para DIP 20 mm"},"content":{"rendered":"<p>Utilize um cabo micro USB na sua protoboard. Tamb\u00e9m pode ser usado para conectar jumper. Este j\u00e1 vem com pino DIP de <strong>20 mm<\/strong> e 2,54 mm de passo entre cada pino.<\/p>\n<p><strong>Peso e tamanho (embalagem de entrega)<\/strong><\/p>\n<ul>\n<li>0,040 kg (40 gr)<\/li>\n<li>20 \u00d7 16 \u00d7 4 cm<\/li>\n<\/ul>\n","protected":false},"excerpt":{"rendered":"<p>Utilize um cabo micro USB na sua protoboard. Tamb\u00e9m pode ser usado para conectar jumper. Este j\u00e1 vem com pino DIP de 20 mm e 2,54 mm de passo entre cada pino. Peso e tamanho (embalagem de entrega) 0,040 kg (40 gr) 20 \u00d7 16 \u00d7 4 cm<\/p>\n","protected":false},"featured_media":1361,"comment_status":"open","ping_status":"closed","template":"","meta":{"site-sidebar-layout":"default","site-content-layout":"","ast-site-content-layout":"default","site-content-style":"default","site-sidebar-style":"default","ast-global-header-display":"","ast-banner-title-visibility":"","ast-main-header-display":"","ast-hfb-above-header-display":"","ast-hfb-below-header-display":"","ast-hfb-mobile-header-display":"","site-post-title":"","ast-breadcrumbs-content":"","ast-featured-img":"","footer-sml-layout":"","theme-transparent-header-meta":"default","adv-header-id-meta":"","stick-header-meta":"","header-above-stick-meta":"","header-main-stick-meta":"","header-below-stick-meta":"","astra-migrate-meta-layouts":"set","ast-page-background-enabled":"default","ast-page-background-meta":{"desktop":{"background-color":"var(--ast-global-color-4)","background-image":"","background-repeat":"repeat","background-position":"center center","background-size":"auto","background-attachment":"scroll","background-type":"","background-media":"","overlay-type":"","overlay-color":"","overlay-opacity":"","overlay-gradient":""},"tablet":{"background-color":"","background-image":"","background-repeat":"repeat","background-position":"center center","background-size":"auto","background-attachment":"scroll","background-type":"","background-media":"","overlay-type":"","overlay-color":"","overlay-opacity":"","overlay-gradient":""},"mobile":{"background-color":"","background-image":"","background-repeat":"repeat","background-position":"center center","background-size":"auto","background-attachment":"scroll","background-type":"","background-media":"","overlay-type":"","overlay-color":"","overlay-opacity":"","overlay-gradient":""}},"ast-content-background-meta":{"desktop":{"background-color":"var(--ast-global-color-5)","background-image":"","background-repeat":"repeat","background-position":"center center","background-size":"auto","background-attachment":"scroll","background-type":"","background-media":"","overlay-type":"","overlay-color":"","overlay-opacity":"","overlay-gradient":""},"tablet":{"background-color":"var(--ast-global-color-5)","background-image":"","background-repeat":"repeat","background-position":"center center","background-size":"auto","background-attachment":"scroll","background-type":"","background-media":"","overlay-type":"","overlay-color":"","overlay-opacity":"","overlay-gradient":""},"mobile":{"background-color":"var(--ast-global-color-5)","background-image":"","background-repeat":"repeat","background-position":"center center","background-size":"auto","background-attachment":"scroll","background-type":"","background-media":"","overlay-type":"","overlay-color":"","overlay-opacity":"","overlay-gradient":""}}},"product_brand":[],"product_cat":[42],"product_tag":[67],"class_list":{"0":"post-509","1":"product","2":"type-product","3":"status-publish","4":"has-post-thumbnail","6":"product_cat-conector","7":"product_tag-micro-usb-dip","8":"desktop-align-center","9":"tablet-align-left","10":"mobile-align-left","12":"first","13":"instock","14":"taxable","15":"shipping-taxable","16":"product-type-simple"},"_links":{"self":[{"href":"https:\/\/fedablio.com.br\/loja\/wp-json\/wp\/v2\/product\/509","targetHints":{"allow":["GET"]}}],"collection":[{"href":"https:\/\/fedablio.com.br\/loja\/wp-json\/wp\/v2\/product"}],"about":[{"href":"https:\/\/fedablio.com.br\/loja\/wp-json\/wp\/v2\/types\/product"}],"replies":[{"embeddable":true,"href":"https:\/\/fedablio.com.br\/loja\/wp-json\/wp\/v2\/comments?post=509"}],"wp:featuredmedia":[{"embeddable":true,"href":"https:\/\/fedablio.com.br\/loja\/wp-json\/wp\/v2\/media\/1361"}],"wp:attachment":[{"href":"https:\/\/fedablio.com.br\/loja\/wp-json\/wp\/v2\/media?parent=509"}],"wp:term":[{"taxonomy":"product_brand","embeddable":true,"href":"https:\/\/fedablio.com.br\/loja\/wp-json\/wp\/v2\/product_brand?post=509"},{"taxonomy":"product_cat","embeddable":true,"href":"https:\/\/fedablio.com.br\/loja\/wp-json\/wp\/v2\/product_cat?post=509"},{"taxonomy":"product_tag","embeddable":true,"href":"https:\/\/fedablio.com.br\/loja\/wp-json\/wp\/v2\/product_tag?post=509"}],"curies":[{"name":"wp","href":"https:\/\/api.w.org\/{rel}","templated":true}]}}