{"id":561,"date":"2025-03-26T22:29:26","date_gmt":"2025-03-27T01:29:26","guid":{"rendered":"https:\/\/fedablio.com.br\/loja\/?post_type=product&#038;p=561"},"modified":"2025-12-02T06:57:58","modified_gmt":"2025-12-02T09:57:58","slug":"voltimetro-digital-retangular-com-fio-de-silicone","status":"publish","type":"product","link":"https:\/\/fedablio.com.br\/loja\/produto\/voltimetro-digital-retangular-com-fio-de-silicone\/","title":{"rendered":"Volt\u00edmetro digital retangular com fio de silicone"},"content":{"rendered":"<p>O volt\u00edmetro \u00e9 f\u00e1cil de conectar, sendo vermelho positivo e preto negativo. H\u00e1 prote\u00e7\u00e3o para conex\u00e3o invertida. Quando se mede uma tens\u00e3o menor que 10 Volts, \u00e9 mostrada com duas casas decimais. Quando 10 Volts ou mais, mostra apenas 1 casa decimal.<\/p>\n<p>Faixa de medi\u00e7\u00e3o: 2,5 a 30 V<br \/>\nCorrente de trabalho: at\u00e9 30 mA<br \/>\nDisplay de tr\u00eas d\u00edgitos (0,28&#8243;)<br \/>\nDimens\u00f5es: 31 x 11,5 x 9 mm<br \/>\nPrecis\u00e3o de medi\u00e7\u00e3o: 1%<br \/>\nTemperatura da opera\u00e7\u00e3o: -10\u00b0 a +80\u00b0<br \/>\nCor: vermelho<br \/>\nComprimento fio (silicone): 140 mm<\/p>\n<p><strong>Peso e tamanho (embalagem de entrega)<\/strong><\/p>\n<ul>\n<li>0,050 kg (50 gr)<\/li>\n<li>20 \u00d7 16 \u00d7 4 cm<\/li>\n<\/ul>\n","protected":false},"excerpt":{"rendered":"<p>O volt\u00edmetro \u00e9 f\u00e1cil de conectar, sendo vermelho positivo e preto negativo. H\u00e1 prote\u00e7\u00e3o para conex\u00e3o invertida. Quando se mede uma tens\u00e3o menor que 10 Volts, \u00e9 mostrada com duas casas decimais. Quando 10 Volts ou mais, mostra apenas 1 casa decimal. Faixa de medi\u00e7\u00e3o: 2,5 a 30 V Corrente de trabalho: at\u00e9 30 mA [&hellip;]<\/p>\n","protected":false},"featured_media":1433,"comment_status":"open","ping_status":"closed","template":"","meta":{"site-sidebar-layout":"default","site-content-layout":"","ast-site-content-layout":"default","site-content-style":"default","site-sidebar-style":"default","ast-global-header-display":"","ast-banner-title-visibility":"","ast-main-header-display":"","ast-hfb-above-header-display":"","ast-hfb-below-header-display":"","ast-hfb-mobile-header-display":"","site-post-title":"","ast-breadcrumbs-content":"","ast-featured-img":"","footer-sml-layout":"","theme-transparent-header-meta":"default","adv-header-id-meta":"","stick-header-meta":"","header-above-stick-meta":"","header-main-stick-meta":"","header-below-stick-meta":"","astra-migrate-meta-layouts":"set","ast-page-background-enabled":"default","ast-page-background-meta":{"desktop":{"background-color":"var(--ast-global-color-4)","background-image":"","background-repeat":"repeat","background-position":"center center","background-size":"auto","background-attachment":"scroll","background-type":"","background-media":"","overlay-type":"","overlay-color":"","overlay-opacity":"","overlay-gradient":""},"tablet":{"background-color":"","background-image":"","background-repeat":"repeat","background-position":"center center","background-size":"auto","background-attachment":"scroll","background-type":"","background-media":"","overlay-type":"","overlay-color":"","overlay-opacity":"","overlay-gradient":""},"mobile":{"background-color":"","background-image":"","background-repeat":"repeat","background-position":"center center","background-size":"auto","background-attachment":"scroll","background-type":"","background-media":"","overlay-type":"","overlay-color":"","overlay-opacity":"","overlay-gradient":""}},"ast-content-background-meta":{"desktop":{"background-color":"var(--ast-global-color-5)","background-image":"","background-repeat":"repeat","background-position":"center center","background-size":"auto","background-attachment":"scroll","background-type":"","background-media":"","overlay-type":"","overlay-color":"","overlay-opacity":"","overlay-gradient":""},"tablet":{"background-color":"var(--ast-global-color-5)","background-image":"","background-repeat":"repeat","background-position":"center center","background-size":"auto","background-attachment":"scroll","background-type":"","background-media":"","overlay-type":"","overlay-color":"","overlay-opacity":"","overlay-gradient":""},"mobile":{"background-color":"var(--ast-global-color-5)","background-image":"","background-repeat":"repeat","background-position":"center center","background-size":"auto","background-attachment":"scroll","background-type":"","background-media":"","overlay-type":"","overlay-color":"","overlay-opacity":"","overlay-gradient":""}}},"product_brand":[],"product_cat":[115],"product_tag":[76],"class_list":{"0":"post-561","1":"product","2":"type-product","3":"status-publish","4":"has-post-thumbnail","6":"product_cat-voltimetro","7":"product_tag-voltimetro-veicular","8":"desktop-align-center","9":"tablet-align-left","10":"mobile-align-left","12":"first","13":"outofstock","14":"taxable","15":"shipping-taxable","16":"product-type-simple"},"_links":{"self":[{"href":"https:\/\/fedablio.com.br\/loja\/wp-json\/wp\/v2\/product\/561","targetHints":{"allow":["GET"]}}],"collection":[{"href":"https:\/\/fedablio.com.br\/loja\/wp-json\/wp\/v2\/product"}],"about":[{"href":"https:\/\/fedablio.com.br\/loja\/wp-json\/wp\/v2\/types\/product"}],"replies":[{"embeddable":true,"href":"https:\/\/fedablio.com.br\/loja\/wp-json\/wp\/v2\/comments?post=561"}],"wp:featuredmedia":[{"embeddable":true,"href":"https:\/\/fedablio.com.br\/loja\/wp-json\/wp\/v2\/media\/1433"}],"wp:attachment":[{"href":"https:\/\/fedablio.com.br\/loja\/wp-json\/wp\/v2\/media?parent=561"}],"wp:term":[{"taxonomy":"product_brand","embeddable":true,"href":"https:\/\/fedablio.com.br\/loja\/wp-json\/wp\/v2\/product_brand?post=561"},{"taxonomy":"product_cat","embeddable":true,"href":"https:\/\/fedablio.com.br\/loja\/wp-json\/wp\/v2\/product_cat?post=561"},{"taxonomy":"product_tag","embeddable":true,"href":"https:\/\/fedablio.com.br\/loja\/wp-json\/wp\/v2\/product_tag?post=561"}],"curies":[{"name":"wp","href":"https:\/\/api.w.org\/{rel}","templated":true}]}}