{"id":759,"date":"2025-04-06T10:14:57","date_gmt":"2025-04-06T13:14:57","guid":{"rendered":"https:\/\/fedablio.com.br\/loja\/?post_type=product&#038;p=759"},"modified":"2025-08-29T12:56:57","modified_gmt":"2025-08-29T15:56:57","slug":"antena-frsky-ipex4-2-4-ghz","status":"publish","type":"product","link":"https:\/\/fedablio.com.br\/loja\/produto\/antena-frsky-ipex4-2-4-ghz\/","title":{"rendered":"Antena Frsky IPEX4 2.4 GHz"},"content":{"rendered":"<p>Antena utilizada em ve\u00edculos e brinquedos de controle remoto. Foram especialmente projetadas para receptores Frsky X4RSB, S6R, XM, XM+ e controladoras de voo XMPF3E. N\u00e3o s\u00e3o adequadas para outros receptores, n\u00e3o descritos aqui. Possuem alta sensibilidade e alta qualidade.<\/p>\n<p>Frequ\u00eancia: de 2400 a 2500 MHz<br \/>\nGanho: 1,5 DBi<br \/>\nTemperatura de funcionamento: de -40 a +80 \u2103<br \/>\nModelo de radia\u00e7\u00e3o: Omnidirecional<br \/>\nConector: IPEX4 generation<br \/>\nComprimento: 150 mm (15 cm)<br \/>\nMaterial: RF13<\/p>\n<p><strong>Peso e tamanho (embalagem de entrega)<\/strong><\/p>\n<ul>\n<li>0,035 kg (35 gr)<\/li>\n<li>20 \u00d7 16 \u00d7 4 cm<\/li>\n<\/ul>\n<p><img decoding=\"async\" src=\"https:\/\/fedablio.com.br\/loja\/wp-content\/uploads\/2025\/04\/ant-ipex4-15cm-04-1.png\" \/><\/p>\n","protected":false},"excerpt":{"rendered":"<p>Antena utilizada em ve\u00edculos e brinquedos de controle remoto. Foram especialmente projetadas para receptores Frsky X4RSB, S6R, XM, XM+ e controladoras de voo XMPF3E. N\u00e3o s\u00e3o adequadas para outros receptores, n\u00e3o descritos aqui. Possuem alta sensibilidade e alta qualidade. Frequ\u00eancia: de 2400 a 2500 MHz Ganho: 1,5 DBi Temperatura de funcionamento: de -40 a +80 [&hellip;]<\/p>\n","protected":false},"featured_media":1365,"comment_status":"open","ping_status":"closed","template":"","meta":{"site-sidebar-layout":"default","site-content-layout":"","ast-site-content-layout":"default","site-content-style":"default","site-sidebar-style":"default","ast-global-header-display":"","ast-banner-title-visibility":"","ast-main-header-display":"","ast-hfb-above-header-display":"","ast-hfb-below-header-display":"","ast-hfb-mobile-header-display":"","site-post-title":"","ast-breadcrumbs-content":"","ast-featured-img":"","footer-sml-layout":"","theme-transparent-header-meta":"default","adv-header-id-meta":"","stick-header-meta":"","header-above-stick-meta":"","header-main-stick-meta":"","header-below-stick-meta":"","astra-migrate-meta-layouts":"set","ast-page-background-enabled":"default","ast-page-background-meta":{"desktop":{"background-color":"var(--ast-global-color-4)","background-image":"","background-repeat":"repeat","background-position":"center center","background-size":"auto","background-attachment":"scroll","background-type":"","background-media":"","overlay-type":"","overlay-color":"","overlay-opacity":"","overlay-gradient":""},"tablet":{"background-color":"","background-image":"","background-repeat":"repeat","background-position":"center center","background-size":"auto","background-attachment":"scroll","background-type":"","background-media":"","overlay-type":"","overlay-color":"","overlay-opacity":"","overlay-gradient":""},"mobile":{"background-color":"","background-image":"","background-repeat":"repeat","background-position":"center center","background-size":"auto","background-attachment":"scroll","background-type":"","background-media":"","overlay-type":"","overlay-color":"","overlay-opacity":"","overlay-gradient":""}},"ast-content-background-meta":{"desktop":{"background-color":"var(--ast-global-color-5)","background-image":"","background-repeat":"repeat","background-position":"center center","background-size":"auto","background-attachment":"scroll","background-type":"","background-media":"","overlay-type":"","overlay-color":"","overlay-opacity":"","overlay-gradient":""},"tablet":{"background-color":"var(--ast-global-color-5)","background-image":"","background-repeat":"repeat","background-position":"center center","background-size":"auto","background-attachment":"scroll","background-type":"","background-media":"","overlay-type":"","overlay-color":"","overlay-opacity":"","overlay-gradient":""},"mobile":{"background-color":"var(--ast-global-color-5)","background-image":"","background-repeat":"repeat","background-position":"center center","background-size":"auto","background-attachment":"scroll","background-type":"","background-media":"","overlay-type":"","overlay-color":"","overlay-opacity":"","overlay-gradient":""}}},"product_brand":[80],"product_cat":[20],"product_tag":[85,86],"class_list":{"0":"post-759","1":"product","2":"type-product","3":"status-publish","4":"has-post-thumbnail","6":"product_brand-frsky","7":"product_cat-antena","8":"product_tag-antena-frsky","9":"product_tag-antena-ipex4","10":"desktop-align-center","11":"tablet-align-left","12":"mobile-align-left","14":"first","15":"instock","16":"taxable","17":"shipping-taxable","18":"product-type-simple"},"_links":{"self":[{"href":"https:\/\/fedablio.com.br\/loja\/wp-json\/wp\/v2\/product\/759","targetHints":{"allow":["GET"]}}],"collection":[{"href":"https:\/\/fedablio.com.br\/loja\/wp-json\/wp\/v2\/product"}],"about":[{"href":"https:\/\/fedablio.com.br\/loja\/wp-json\/wp\/v2\/types\/product"}],"replies":[{"embeddable":true,"href":"https:\/\/fedablio.com.br\/loja\/wp-json\/wp\/v2\/comments?post=759"}],"wp:featuredmedia":[{"embeddable":true,"href":"https:\/\/fedablio.com.br\/loja\/wp-json\/wp\/v2\/media\/1365"}],"wp:attachment":[{"href":"https:\/\/fedablio.com.br\/loja\/wp-json\/wp\/v2\/media?parent=759"}],"wp:term":[{"taxonomy":"product_brand","embeddable":true,"href":"https:\/\/fedablio.com.br\/loja\/wp-json\/wp\/v2\/product_brand?post=759"},{"taxonomy":"product_cat","embeddable":true,"href":"https:\/\/fedablio.com.br\/loja\/wp-json\/wp\/v2\/product_cat?post=759"},{"taxonomy":"product_tag","embeddable":true,"href":"https:\/\/fedablio.com.br\/loja\/wp-json\/wp\/v2\/product_tag?post=759"}],"curies":[{"name":"wp","href":"https:\/\/api.w.org\/{rel}","templated":true}]}}