{"id":765,"date":"2025-04-06T11:35:11","date_gmt":"2025-04-06T14:35:11","guid":{"rendered":"https:\/\/fedablio.com.br\/loja\/?post_type=product&#038;p=765"},"modified":"2025-08-29T12:56:52","modified_gmt":"2025-08-29T15:56:52","slug":"pelicula-tela-e-lente-para-gopro-hero-5-6-7","status":"publish","type":"product","link":"https:\/\/fedablio.com.br\/loja\/produto\/pelicula-tela-e-lente-para-gopro-hero-5-6-7\/","title":{"rendered":"Pel\u00edcula tela e lente para GoPro Hero 5\/6\/7"},"content":{"rendered":"<p>Proteja a tela LCD e a lente da sua c\u00e2mera contra quebra, poeira e arranh\u00f5es. Oferece superf\u00edcie resistente, dur\u00e1vel e transparente, mantendo a tela LCD limpa e sem arranh\u00f5es. Fixa suavemente com superf\u00edcie autoadesiva, alta sensibilidade ao toque.<\/p>\n<p>Compat\u00edvel: GoPro Hero 5, 6 e 7<br \/>\nTamanho pel\u00edcula da tela: 55,80 x 37,90 x 0,25 mm<br \/>\nTamanho pel\u00edcula da lente: 28,6 x 25,4 x 0,25 mm<br \/>\nConte\u00fado: 1 pel\u00edcula para lente, 1 pel\u00edcula para tela, 1 adesivo de absor\u00e7\u00e3o de p\u00f3 e 1 KIT limpeza molhado\/seco<\/p>\n<p><strong>Peso e tamanho (embalagem de entrega)<\/strong><\/p>\n<ul>\n<li>0,060 kg (60 gr)<\/li>\n<li>20 \u00d7 16 \u00d7 4 cm<\/li>\n<\/ul>\n","protected":false},"excerpt":{"rendered":"<p>Proteja a tela LCD e a lente da sua c\u00e2mera contra quebra, poeira e arranh\u00f5es. Oferece superf\u00edcie resistente, dur\u00e1vel e transparente, mantendo a tela LCD limpa e sem arranh\u00f5es. Fixa suavemente com superf\u00edcie autoadesiva, alta sensibilidade ao toque. Compat\u00edvel: GoPro Hero 5, 6 e 7 Tamanho pel\u00edcula da tela: 55,80 x 37,90 x 0,25 mm [&hellip;]<\/p>\n","protected":false},"featured_media":1421,"comment_status":"open","ping_status":"closed","template":"","meta":{"site-sidebar-layout":"default","site-content-layout":"","ast-site-content-layout":"default","site-content-style":"default","site-sidebar-style":"default","ast-global-header-display":"","ast-banner-title-visibility":"","ast-main-header-display":"","ast-hfb-above-header-display":"","ast-hfb-below-header-display":"","ast-hfb-mobile-header-display":"","site-post-title":"","ast-breadcrumbs-content":"","ast-featured-img":"","footer-sml-layout":"","theme-transparent-header-meta":"default","adv-header-id-meta":"","stick-header-meta":"","header-above-stick-meta":"","header-main-stick-meta":"","header-below-stick-meta":"","astra-migrate-meta-layouts":"set","ast-page-background-enabled":"default","ast-page-background-meta":{"desktop":{"background-color":"var(--ast-global-color-4)","background-image":"","background-repeat":"repeat","background-position":"center center","background-size":"auto","background-attachment":"scroll","background-type":"","background-media":"","overlay-type":"","overlay-color":"","overlay-opacity":"","overlay-gradient":""},"tablet":{"background-color":"","background-image":"","background-repeat":"repeat","background-position":"center center","background-size":"auto","background-attachment":"scroll","background-type":"","background-media":"","overlay-type":"","overlay-color":"","overlay-opacity":"","overlay-gradient":""},"mobile":{"background-color":"","background-image":"","background-repeat":"repeat","background-position":"center center","background-size":"auto","background-attachment":"scroll","background-type":"","background-media":"","overlay-type":"","overlay-color":"","overlay-opacity":"","overlay-gradient":""}},"ast-content-background-meta":{"desktop":{"background-color":"var(--ast-global-color-5)","background-image":"","background-repeat":"repeat","background-position":"center center","background-size":"auto","background-attachment":"scroll","background-type":"","background-media":"","overlay-type":"","overlay-color":"","overlay-opacity":"","overlay-gradient":""},"tablet":{"background-color":"var(--ast-global-color-5)","background-image":"","background-repeat":"repeat","background-position":"center center","background-size":"auto","background-attachment":"scroll","background-type":"","background-media":"","overlay-type":"","overlay-color":"","overlay-opacity":"","overlay-gradient":""},"mobile":{"background-color":"var(--ast-global-color-5)","background-image":"","background-repeat":"repeat","background-position":"center center","background-size":"auto","background-attachment":"scroll","background-type":"","background-media":"","overlay-type":"","overlay-color":"","overlay-opacity":"","overlay-gradient":""}}},"product_brand":[82],"product_cat":[81],"product_tag":[94,95,97,96],"class_list":{"0":"post-765","1":"product","2":"type-product","3":"status-publish","4":"has-post-thumbnail","6":"product_brand-gopro","7":"product_cat-pelicula","8":"product_tag-pelicula-gopro","9":"product_tag-pelicula-hero-5","10":"product_tag-pelicula-hero7","11":"product_tag-peliculas-hero-6","12":"desktop-align-center","13":"tablet-align-left","14":"mobile-align-left","16":"first","17":"instock","18":"taxable","19":"shipping-taxable","20":"product-type-simple"},"_links":{"self":[{"href":"https:\/\/fedablio.com.br\/loja\/wp-json\/wp\/v2\/product\/765","targetHints":{"allow":["GET"]}}],"collection":[{"href":"https:\/\/fedablio.com.br\/loja\/wp-json\/wp\/v2\/product"}],"about":[{"href":"https:\/\/fedablio.com.br\/loja\/wp-json\/wp\/v2\/types\/product"}],"replies":[{"embeddable":true,"href":"https:\/\/fedablio.com.br\/loja\/wp-json\/wp\/v2\/comments?post=765"}],"wp:featuredmedia":[{"embeddable":true,"href":"https:\/\/fedablio.com.br\/loja\/wp-json\/wp\/v2\/media\/1421"}],"wp:attachment":[{"href":"https:\/\/fedablio.com.br\/loja\/wp-json\/wp\/v2\/media?parent=765"}],"wp:term":[{"taxonomy":"product_brand","embeddable":true,"href":"https:\/\/fedablio.com.br\/loja\/wp-json\/wp\/v2\/product_brand?post=765"},{"taxonomy":"product_cat","embeddable":true,"href":"https:\/\/fedablio.com.br\/loja\/wp-json\/wp\/v2\/product_cat?post=765"},{"taxonomy":"product_tag","embeddable":true,"href":"https:\/\/fedablio.com.br\/loja\/wp-json\/wp\/v2\/product_tag?post=765"}],"curies":[{"name":"wp","href":"https:\/\/api.w.org\/{rel}","templated":true}]}}