{"id":781,"date":"2025-04-06T14:20:49","date_gmt":"2025-04-06T17:20:49","guid":{"rendered":"https:\/\/fedablio.com.br\/loja\/?post_type=product&#038;p=781"},"modified":"2026-02-15T08:37:49","modified_gmt":"2026-02-15T11:37:49","slug":"placa-de-energia-matek-xt60-para-drone-racing","status":"publish","type":"product","link":"https:\/\/fedablio.com.br\/loja\/produto\/placa-de-energia-matek-xt60-para-drone-racing\/","title":{"rendered":"Placa de energia Matek XT60 para drone racing"},"content":{"rendered":"<p>PDB (power distribution board) MATEK Mini PDB-XT60 com BEC 5V e 12V para Drone RC FPV QAV210, QAV-R ou QAV-X. Projetado para receptores RC, controladores de voo, OSD e servos.<\/p>\n<p><strong>Geral<\/strong><\/p>\n<p>Faixa de tens\u00e3o de entrada: de 9 a 18 V (baterias de 3 a 4S)<br \/>\nSa\u00eddas reguladas de 5 V e 12 V<br \/>\nIndicadores de energia LED (sa\u00eddas de 5 V e 12 V)<br \/>\n6 sa\u00eddas ESC e 1 par de pads VCC\/GND<\/p>\n<p><strong>Sa\u00eddas para ESCs<\/strong><\/p>\n<p>Corrente cont\u00ednua: 25A x 4 ou 15A x 6<br \/>\nCorrente de pico (10 segundos a cada minuto): 30A x 4 ou 20A x 6<\/p>\n<p><strong>Sa\u00edda 5V (BEC)<\/strong><\/p>\n<p>Tens\u00e3o: 5 V (0,1 V para mais ou para menos)<br \/>\nCorrente cont\u00ednua: 2 A (m\u00e1x. 2,5 A 10 s\/minuto)<br \/>\nOndula\u00e7\u00e3o de sa\u00edda: 40 mV (VIn = 16 V, VOut = carga de 5 V2 A)<br \/>\nTolerante a curto-circuito (5 segundos\/minuto)<\/p>\n<p><strong>Sa\u00edda 12V (BEC)<\/strong><\/p>\n<p>A bateria deve ser 4S LiPo (de 13 a 18V)<br \/>\nVoltagem: 12 V (0,3 V para mais ou para menos)<br \/>\nCorrente cont\u00ednua: 500 mA<br \/>\nCorrente de pico: (5 segundos a cada minuto): 800 mA<br \/>\nTolerante a curto-circuito (2 segundos a cada minuto)<\/p>\n<p><strong>A placa<\/strong><\/p>\n<p>Dimens\u00f5es: 36 x 50 x 4 mm (sem XT60)<br \/>\nFuros de montagem: 30,5 x 30,5 x 3 mm (furo do parafuso)<br \/>\nPeso: 7,5 g (sem plug XT60), 11 g (com plug XT60)<\/p>\n<p><strong>Conte\u00fado<\/strong><\/p>\n<p>1 placa Matek PDB-XT60<br \/>\n1 plug f\u00eamea XT60<\/p>\n<p><strong>Peso e tamanho (embalagem de entrega)<\/strong><\/p>\n<ul>\n<li>0,055 kg (55 gr)<\/li>\n<li>20 \u00d7 16 \u00d7 4 cm<\/li>\n<\/ul>\n","protected":false},"excerpt":{"rendered":"<p>PDB (power distribution board) MATEK Mini PDB-XT60 com BEC 5V e 12V para Drone RC FPV QAV210, QAV-R ou QAV-X. Projetado para receptores RC, controladores de voo, OSD e servos. Geral Faixa de tens\u00e3o de entrada: de 9 a 18 V (baterias de 3 a 4S) Sa\u00eddas reguladas de 5 V e 12 V Indicadores [&hellip;]<\/p>\n","protected":false},"featured_media":777,"comment_status":"open","ping_status":"closed","template":"","meta":{"site-sidebar-layout":"default","site-content-layout":"","ast-site-content-layout":"default","site-content-style":"default","site-sidebar-style":"default","ast-global-header-display":"","ast-banner-title-visibility":"","ast-main-header-display":"","ast-hfb-above-header-display":"","ast-hfb-below-header-display":"","ast-hfb-mobile-header-display":"","site-post-title":"","ast-breadcrumbs-content":"","ast-featured-img":"","footer-sml-layout":"","theme-transparent-header-meta":"default","adv-header-id-meta":"","stick-header-meta":"","header-above-stick-meta":"","header-main-stick-meta":"","header-below-stick-meta":"","astra-migrate-meta-layouts":"set","ast-page-background-enabled":"default","ast-page-background-meta":{"desktop":{"background-color":"var(--ast-global-color-4)","background-image":"","background-repeat":"repeat","background-position":"center center","background-size":"auto","background-attachment":"scroll","background-type":"","background-media":"","overlay-type":"","overlay-color":"","overlay-opacity":"","overlay-gradient":""},"tablet":{"background-color":"","background-image":"","background-repeat":"repeat","background-position":"center center","background-size":"auto","background-attachment":"scroll","background-type":"","background-media":"","overlay-type":"","overlay-color":"","overlay-opacity":"","overlay-gradient":""},"mobile":{"background-color":"","background-image":"","background-repeat":"repeat","background-position":"center center","background-size":"auto","background-attachment":"scroll","background-type":"","background-media":"","overlay-type":"","overlay-color":"","overlay-opacity":"","overlay-gradient":""}},"ast-content-background-meta":{"desktop":{"background-color":"var(--ast-global-color-5)","background-image":"","background-repeat":"repeat","background-position":"center center","background-size":"auto","background-attachment":"scroll","background-type":"","background-media":"","overlay-type":"","overlay-color":"","overlay-opacity":"","overlay-gradient":""},"tablet":{"background-color":"var(--ast-global-color-5)","background-image":"","background-repeat":"repeat","background-position":"center center","background-size":"auto","background-attachment":"scroll","background-type":"","background-media":"","overlay-type":"","overlay-color":"","overlay-opacity":"","overlay-gradient":""},"mobile":{"background-color":"var(--ast-global-color-5)","background-image":"","background-repeat":"repeat","background-position":"center center","background-size":"auto","background-attachment":"scroll","background-type":"","background-media":"","overlay-type":"","overlay-color":"","overlay-opacity":"","overlay-gradient":""}}},"product_brand":[84],"product_cat":[107],"product_tag":[101,100],"class_list":{"0":"post-781","1":"product","2":"type-product","3":"status-publish","4":"has-post-thumbnail","6":"product_brand-matek","7":"product_cat-power-distribution","8":"product_tag-pdbxt60","9":"product_tag-placa-matek","10":"desktop-align-center","11":"tablet-align-left","12":"mobile-align-left","14":"first","15":"outofstock","16":"taxable","17":"shipping-taxable","18":"product-type-simple"},"_links":{"self":[{"href":"https:\/\/fedablio.com.br\/loja\/wp-json\/wp\/v2\/product\/781","targetHints":{"allow":["GET"]}}],"collection":[{"href":"https:\/\/fedablio.com.br\/loja\/wp-json\/wp\/v2\/product"}],"about":[{"href":"https:\/\/fedablio.com.br\/loja\/wp-json\/wp\/v2\/types\/product"}],"replies":[{"embeddable":true,"href":"https:\/\/fedablio.com.br\/loja\/wp-json\/wp\/v2\/comments?post=781"}],"wp:featuredmedia":[{"embeddable":true,"href":"https:\/\/fedablio.com.br\/loja\/wp-json\/wp\/v2\/media\/777"}],"wp:attachment":[{"href":"https:\/\/fedablio.com.br\/loja\/wp-json\/wp\/v2\/media?parent=781"}],"wp:term":[{"taxonomy":"product_brand","embeddable":true,"href":"https:\/\/fedablio.com.br\/loja\/wp-json\/wp\/v2\/product_brand?post=781"},{"taxonomy":"product_cat","embeddable":true,"href":"https:\/\/fedablio.com.br\/loja\/wp-json\/wp\/v2\/product_cat?post=781"},{"taxonomy":"product_tag","embeddable":true,"href":"https:\/\/fedablio.com.br\/loja\/wp-json\/wp\/v2\/product_tag?post=781"}],"curies":[{"name":"wp","href":"https:\/\/api.w.org\/{rel}","templated":true}]}}