{"id":831,"date":"2025-04-07T10:30:47","date_gmt":"2025-04-07T13:30:47","guid":{"rendered":"https:\/\/fedablio.com.br\/loja\/?post_type=product&#038;p=831"},"modified":"2025-08-29T12:55:01","modified_gmt":"2025-08-29T15:55:01","slug":"pelicula-para-samsung-j4-2018","status":"publish","type":"product","link":"https:\/\/fedablio.com.br\/loja\/produto\/pelicula-para-samsung-j4-2018\/","title":{"rendered":"Pel\u00edcula para Samsung J4 2018"},"content":{"rendered":"<p><strong>Pel\u00edcula de vidro temperado 9H HD para Samsung Galaxy J4 2018 &#8211; Pel\u00edcula Protetora SM-J400G, SM-J400F, SM-J400M<\/strong><\/p>\n<p>Dureza: 9H<br \/>\nTransmit\u00e2ncia \u00f3ptica: HD<br \/>\nUltrafino: 0,26 mm<br \/>\nRevestimento anti-impress\u00e3o digital<br \/>\nSensibilidade ao toque inigual\u00e1vel<br \/>\nConte\u00fado: 1 pel\u00edcula frontal, 2 adesivos de absor\u00e7\u00e3o de p\u00f3 e 2 KIT limpeza molhado\/seco<\/p>\n<p><strong>Peso e tamanho (embalagem de entrega)<\/strong><\/p>\n<ul>\n<li>0,060 kg (60 gr)<\/li>\n<li>20 \u00d7 16 \u00d7 4 cm<\/li>\n<\/ul>\n","protected":false},"excerpt":{"rendered":"<p>Pel\u00edcula de vidro temperado 9H HD para Samsung Galaxy J4 2018 &#8211; Pel\u00edcula Protetora SM-J400G, SM-J400F, SM-J400M Dureza: 9H Transmit\u00e2ncia \u00f3ptica: HD Ultrafino: 0,26 mm Revestimento anti-impress\u00e3o digital Sensibilidade ao toque inigual\u00e1vel Conte\u00fado: 1 pel\u00edcula frontal, 2 adesivos de absor\u00e7\u00e3o de p\u00f3 e 2 KIT limpeza molhado\/seco Peso e tamanho (embalagem de entrega) 0,060 kg [&hellip;]<\/p>\n","protected":false},"featured_media":1426,"comment_status":"open","ping_status":"closed","template":"","meta":{"site-sidebar-layout":"default","site-content-layout":"","ast-site-content-layout":"default","site-content-style":"default","site-sidebar-style":"default","ast-global-header-display":"","ast-banner-title-visibility":"","ast-main-header-display":"","ast-hfb-above-header-display":"","ast-hfb-below-header-display":"","ast-hfb-mobile-header-display":"","site-post-title":"","ast-breadcrumbs-content":"","ast-featured-img":"","footer-sml-layout":"","theme-transparent-header-meta":"default","adv-header-id-meta":"","stick-header-meta":"","header-above-stick-meta":"","header-main-stick-meta":"","header-below-stick-meta":"","astra-migrate-meta-layouts":"set","ast-page-background-enabled":"default","ast-page-background-meta":{"desktop":{"background-color":"var(--ast-global-color-4)","background-image":"","background-repeat":"repeat","background-position":"center center","background-size":"auto","background-attachment":"scroll","background-type":"","background-media":"","overlay-type":"","overlay-color":"","overlay-opacity":"","overlay-gradient":""},"tablet":{"background-color":"","background-image":"","background-repeat":"repeat","background-position":"center center","background-size":"auto","background-attachment":"scroll","background-type":"","background-media":"","overlay-type":"","overlay-color":"","overlay-opacity":"","overlay-gradient":""},"mobile":{"background-color":"","background-image":"","background-repeat":"repeat","background-position":"center center","background-size":"auto","background-attachment":"scroll","background-type":"","background-media":"","overlay-type":"","overlay-color":"","overlay-opacity":"","overlay-gradient":""}},"ast-content-background-meta":{"desktop":{"background-color":"var(--ast-global-color-5)","background-image":"","background-repeat":"repeat","background-position":"center center","background-size":"auto","background-attachment":"scroll","background-type":"","background-media":"","overlay-type":"","overlay-color":"","overlay-opacity":"","overlay-gradient":""},"tablet":{"background-color":"var(--ast-global-color-5)","background-image":"","background-repeat":"repeat","background-position":"center center","background-size":"auto","background-attachment":"scroll","background-type":"","background-media":"","overlay-type":"","overlay-color":"","overlay-opacity":"","overlay-gradient":""},"mobile":{"background-color":"var(--ast-global-color-5)","background-image":"","background-repeat":"repeat","background-position":"center center","background-size":"auto","background-attachment":"scroll","background-type":"","background-media":"","overlay-type":"","overlay-color":"","overlay-opacity":"","overlay-gradient":""}}},"product_brand":[],"product_cat":[81],"product_tag":[103],"class_list":{"0":"post-831","1":"product","2":"type-product","3":"status-publish","4":"has-post-thumbnail","6":"product_cat-pelicula","7":"product_tag-pelicula-j4-2018","8":"desktop-align-center","9":"tablet-align-left","10":"mobile-align-left","12":"first","13":"instock","14":"taxable","15":"shipping-taxable","16":"product-type-simple"},"_links":{"self":[{"href":"https:\/\/fedablio.com.br\/loja\/wp-json\/wp\/v2\/product\/831","targetHints":{"allow":["GET"]}}],"collection":[{"href":"https:\/\/fedablio.com.br\/loja\/wp-json\/wp\/v2\/product"}],"about":[{"href":"https:\/\/fedablio.com.br\/loja\/wp-json\/wp\/v2\/types\/product"}],"replies":[{"embeddable":true,"href":"https:\/\/fedablio.com.br\/loja\/wp-json\/wp\/v2\/comments?post=831"}],"wp:featuredmedia":[{"embeddable":true,"href":"https:\/\/fedablio.com.br\/loja\/wp-json\/wp\/v2\/media\/1426"}],"wp:attachment":[{"href":"https:\/\/fedablio.com.br\/loja\/wp-json\/wp\/v2\/media?parent=831"}],"wp:term":[{"taxonomy":"product_brand","embeddable":true,"href":"https:\/\/fedablio.com.br\/loja\/wp-json\/wp\/v2\/product_brand?post=831"},{"taxonomy":"product_cat","embeddable":true,"href":"https:\/\/fedablio.com.br\/loja\/wp-json\/wp\/v2\/product_cat?post=831"},{"taxonomy":"product_tag","embeddable":true,"href":"https:\/\/fedablio.com.br\/loja\/wp-json\/wp\/v2\/product_tag?post=831"}],"curies":[{"name":"wp","href":"https:\/\/api.w.org\/{rel}","templated":true}]}}